{"id":9259,"date":"2025-12-31T11:46:07","date_gmt":"2025-12-31T10:46:07","guid":{"rendered":"https:\/\/www.weinsalonnaturel.com\/?page_id=9259"},"modified":"2026-02-09T16:10:11","modified_gmt":"2026-02-09T15:10:11","slug":"weingut-christoph-hoch","status":"publish","type":"page","link":"https:\/\/www.weinsalonnaturel.com\/en\/weingut-christoph-hoch\/","title":{"rendered":"Christoph Hoch"},"content":{"rendered":"<div data-elementor-type=\"wp-page\" data-elementor-id=\"9259\" class=\"elementor elementor-9259\">\n\t\t\t\t<div class=\"elementor-element elementor-element-cbd23e6 e-flex e-con-boxed e-con e-parent\" data-id=\"cbd23e6\" data-element_type=\"container\">\n\t\t\t\t\t<div class=\"e-con-inner\">\n\t\t\t\t<div class=\"elementor-element elementor-element-ec4a730 elementor-widget elementor-widget-heading\" data-id=\"ec4a730\" data-element_type=\"widget\" data-widget_type=\"heading.default\">\n\t\t\t\t<div class=\"elementor-widget-container\">\n\t\t\t\t\t<h2 class=\"elementor-heading-title elementor-size-default\">Weingut Christoph Hoch<\/h2>\t\t\t\t<\/div>\n\t\t\t\t<\/div>\n\t\t\t\t\t<\/div>\n\t\t\t\t<\/div>\n\t\t<div class=\"elementor-element elementor-element-8ea4208 e-flex e-con-boxed e-con e-parent\" data-id=\"8ea4208\" data-element_type=\"container\">\n\t\t\t\t\t<div class=\"e-con-inner\">\n\t\t\t\t<div class=\"elementor-element elementor-element-2a0af1c elementor-widget elementor-widget-text-editor\" data-id=\"2a0af1c\" data-element_type=\"widget\" data-widget_type=\"text-editor.default\">\n\t\t\t\t<div class=\"elementor-widget-container\">\n\t\t\t\t\t\t\t\t\t<p><strong>Because we want to produce wines that authentically reflect their origin, precision, and nature\u2014flawless, serious, and in harmony with the soil in which they grow.<\/strong><\/p>\t\t\t\t\t\t\t\t<\/div>\n\t\t\t\t<\/div>\n\t\t\t\t\t<\/div>\n\t\t\t\t<\/div>\n\t\t<div class=\"elementor-element elementor-element-5cd8db6 e-flex e-con-boxed e-con e-parent\" data-id=\"5cd8db6\" data-element_type=\"container\">\n\t\t\t\t\t<div class=\"e-con-inner\">\n\t\t<div class=\"elementor-element elementor-element-dfd36c2 e-con-full e-flex e-con e-child\" data-id=\"dfd36c2\" data-element_type=\"container\">\n\t\t\t\t<div class=\"elementor-element elementor-element-0d84ede elementor-widget elementor-widget-image\" data-id=\"0d84ede\" data-element_type=\"widget\" data-widget_type=\"image.default\">\n\t\t\t\t<div class=\"elementor-widget-container\">\n\t\t\t\t\t\t\t\t\t\t\t\t<figure class=\"wp-caption\">\n\t\t\t\t\t\t\t\t\t\t\t<a href=\"https:\/\/www.weinsalonnaturel.com\/wp-content\/uploads\/2026\/02\/HochSteckbriefWSN26.jpg\" data-elementor-open-lightbox=\"yes\" data-elementor-lightbox-title=\"HochSteckbriefWSN26\" data-e-action-hash=\"#elementor-action%3Aaction%3Dlightbox%26settings%3DeyJpZCI6MTAxNDYsInVybCI6Imh0dHBzOlwvXC93d3cud2VpbnNhbG9ubmF0dXJlbC5jb21cL3dwLWNvbnRlbnRcL3VwbG9hZHNcLzIwMjZcLzAyXC9Ib2NoU3RlY2ticmllZldTTjI2LmpwZyJ9\">\n\t\t\t\t\t\t\t<img fetchpriority=\"high\" decoding=\"async\" width=\"727\" height=\"1024\" src=\"https:\/\/www.weinsalonnaturel.com\/wp-content\/uploads\/2026\/02\/HochSteckbriefWSN26-727x1024.jpg\" class=\"attachment-large size-large wp-image-10146\" alt=\"\" srcset=\"https:\/\/www.weinsalonnaturel.com\/wp-content\/uploads\/2026\/02\/HochSteckbriefWSN26-727x1024.jpg 727w, https:\/\/www.weinsalonnaturel.com\/wp-content\/uploads\/2026\/02\/HochSteckbriefWSN26-213x300.jpg 213w, https:\/\/www.weinsalonnaturel.com\/wp-content\/uploads\/2026\/02\/HochSteckbriefWSN26-768x1082.jpg 768w, https:\/\/www.weinsalonnaturel.com\/wp-content\/uploads\/2026\/02\/HochSteckbriefWSN26-1090x1536.jpg 1090w, https:\/\/www.weinsalonnaturel.com\/wp-content\/uploads\/2026\/02\/HochSteckbriefWSN26-9x12.jpg 9w, https:\/\/www.weinsalonnaturel.com\/wp-content\/uploads\/2026\/02\/HochSteckbriefWSN26.jpg 1241w\" sizes=\"(max-width: 727px) 100vw, 727px\" \/>\t\t\t\t\t\t\t\t<\/a>\n\t\t\t\t\t\t\t\t\t\t\t<figcaption class=\"widget-image-caption wp-caption-text\">2026<\/figcaption>\n\t\t\t\t\t\t\t\t\t\t<\/figure>\n\t\t\t\t\t\t\t\t\t<\/div>\n\t\t\t\t<\/div>\n\t\t\t\t<\/div>\n\t\t<div class=\"elementor-element elementor-element-ca74527 e-con-full e-flex e-con e-child\" data-id=\"ca74527\" data-element_type=\"container\">\n\t\t\t\t<\/div>\n\t\t<div class=\"elementor-element elementor-element-c002928 e-con-full e-flex e-con e-child\" data-id=\"c002928\" data-element_type=\"container\">\n\t\t\t\t<\/div>\n\t\t<div class=\"elementor-element elementor-element-3c4976a e-con-full e-flex e-con e-child\" data-id=\"3c4976a\" data-element_type=\"container\">\n\t\t\t\t<\/div>\n\t\t\t\t\t<\/div>\n\t\t\t\t<\/div>\n\t\t\t\t<\/div>","protected":false},"excerpt":{"rendered":"<p>Weingut Christoph Hoch Weil wir Weine keltern m\u00f6chten, die Herkunft, Pr\u00e4zision und Natur unverf\u00e4lscht zeigen \u2013 fehlerfrei, seri\u00f6s und im [&hellip;]<\/p>","protected":false},"author":1,"featured_media":0,"parent":0,"menu_order":0,"comment_status":"closed","ping_status":"closed","template":"","meta":{"site-sidebar-layout":"no-sidebar","site-content-layout":"","ast-site-content-layout":"full-width-container","site-content-style":"default","site-sidebar-style":"default","ast-global-header-display":"","ast-banner-title-visibility":"","ast-main-header-display":"","ast-hfb-above-header-display":"","ast-hfb-below-header-display":"","ast-hfb-mobile-header-display":"","site-post-title":"disabled","ast-breadcrumbs-content":"","ast-featured-img":"disabled","footer-sml-layout":"","theme-transparent-header-meta":"","adv-header-id-meta":"","stick-header-meta":"","header-above-stick-meta":"","header-main-stick-meta":"","header-below-stick-meta":"","astra-migrate-meta-layouts":"default","ast-page-background-enabled":"default","ast-page-background-meta":{"desktop":{"background-color":"var(--ast-global-color-4)","background-image":"","background-repeat":"repeat","background-position":"center center","background-size":"auto","background-attachment":"scroll","background-type":"","background-media":"","overlay-type":"","overlay-color":"","overlay-opacity":"","overlay-gradient":""},"tablet":{"background-color":"","background-image":"","background-repeat":"repeat","background-position":"center center","background-size":"auto","background-attachment":"scroll","background-type":"","background-media":"","overlay-type":"","overlay-color":"","overlay-opacity":"","overlay-gradient":""},"mobile":{"background-color":"","background-image":"","background-repeat":"repeat","background-position":"center center","background-size":"auto","background-attachment":"scroll","background-type":"","background-media":"","overlay-type":"","overlay-color":"","overlay-opacity":"","overlay-gradient":""}},"ast-content-background-meta":{"desktop":{"background-color":"var(--ast-global-color-5)","background-image":"","background-repeat":"repeat","background-position":"center center","background-size":"auto","background-attachment":"scroll","background-type":"","background-media":"","overlay-type":"","overlay-color":"","overlay-opacity":"","overlay-gradient":""},"tablet":{"background-color":"var(--ast-global-color-5)","background-image":"","background-repeat":"repeat","background-position":"center center","background-size":"auto","background-attachment":"scroll","background-type":"","background-media":"","overlay-type":"","overlay-color":"","overlay-opacity":"","overlay-gradient":""},"mobile":{"background-color":"var(--ast-global-color-5)","background-image":"","background-repeat":"repeat","background-position":"center center","background-size":"auto","background-attachment":"scroll","background-type":"","background-media":"","overlay-type":"","overlay-color":"","overlay-opacity":"","overlay-gradient":""}},"footnotes":""},"class_list":["post-9259","page","type-page","status-publish","hentry"],"_links":{"self":[{"href":"https:\/\/www.weinsalonnaturel.com\/en\/wp-json\/wp\/v2\/pages\/9259","targetHints":{"allow":["GET"]}}],"collection":[{"href":"https:\/\/www.weinsalonnaturel.com\/en\/wp-json\/wp\/v2\/pages"}],"about":[{"href":"https:\/\/www.weinsalonnaturel.com\/en\/wp-json\/wp\/v2\/types\/page"}],"author":[{"embeddable":true,"href":"https:\/\/www.weinsalonnaturel.com\/en\/wp-json\/wp\/v2\/users\/1"}],"replies":[{"embeddable":true,"href":"https:\/\/www.weinsalonnaturel.com\/en\/wp-json\/wp\/v2\/comments?post=9259"}],"version-history":[{"count":15,"href":"https:\/\/www.weinsalonnaturel.com\/en\/wp-json\/wp\/v2\/pages\/9259\/revisions"}],"predecessor-version":[{"id":10307,"href":"https:\/\/www.weinsalonnaturel.com\/en\/wp-json\/wp\/v2\/pages\/9259\/revisions\/10307"}],"wp:attachment":[{"href":"https:\/\/www.weinsalonnaturel.com\/en\/wp-json\/wp\/v2\/media?parent=9259"}],"curies":[{"name":"wp","href":"https:\/\/api.w.org\/{rel}","templated":true}]}}