{"id":8658,"date":"2025-03-01T11:26:59","date_gmt":"2025-03-01T10:26:59","guid":{"rendered":"https:\/\/www.weinsalonnaturel.com\/?page_id=8658"},"modified":"2025-03-10T14:15:40","modified_gmt":"2025-03-10T13:15:40","slug":"liste-fuer-liste","status":"publish","type":"page","link":"https:\/\/www.weinsalonnaturel.com\/en\/liste-fuer-liste\/","title":{"rendered":"Liste f\u00fcr Liste"},"content":{"rendered":"<div data-elementor-type=\"wp-page\" data-elementor-id=\"8658\" class=\"elementor elementor-8658\">\n\t\t\t\t<div class=\"elementor-element elementor-element-09a795b e-flex e-con-boxed e-con e-parent\" data-id=\"09a795b\" data-element_type=\"container\">\n\t\t\t\t\t<div class=\"e-con-inner\">\n\t\t\t\t<div class=\"elementor-element elementor-element-355e814 elementor-widget elementor-widget-heading\" data-id=\"355e814\" data-element_type=\"widget\" data-widget_type=\"heading.default\">\n\t\t\t\t<div class=\"elementor-widget-container\">\n\t\t\t\t\t<h2 class=\"elementor-heading-title elementor-size-default\">Your list for your preparations to the winefair  - you can copy paste out<\/h2>\t\t\t\t<\/div>\n\t\t\t\t<\/div>\n\t\t\t\t\t<\/div>\n\t\t\t\t<\/div>\n\t\t<div class=\"elementor-element elementor-element-607ee21 e-flex e-con-boxed e-con e-parent\" data-id=\"607ee21\" data-element_type=\"container\">\n\t\t\t\t\t<div class=\"e-con-inner\">\n\t\t\t\t<div class=\"elementor-element elementor-element-5227e01 elementor-widget elementor-widget-text-editor\" data-id=\"5227e01\" data-element_type=\"widget\" data-widget_type=\"text-editor.default\">\n\t\t\t\t<div class=\"elementor-widget-container\">\n\t\t\t\t\t\t\t\t\t<p><strong>Germany<\/strong><\/p><p><a href=\"https:\/\/www.weinsalonnaturel.com\/en\/bio-weingut-lay\/\" target=\"_blank\" rel=\"noopener\">BIO-Weingut Lay , Baden<\/a><\/p><p><a href=\"https:\/\/www.weinsalonnaturel.com\/en\/weingut-schererzimmer\/\" target=\"_blank\" rel=\"noopener\">Weingut Scherer&amp;Zimmer, Baden<\/a><\/p><p><a href=\"https:\/\/www.weinsalonnaturel.com\/en\/winzerhof-linder\/\" target=\"_blank\" rel=\"noopener\">Winzerhof Linder, Baden\/ Kaiserstuhl<\/a><\/p><p><a href=\"https:\/\/www.weinsalonnaturel.com\/en\/2naturkinder\/\" target=\"_blank\" rel=\"noopener\">2Naturkinder, Franken<\/a><\/p><p><a href=\"https:\/\/www.weinsalonnaturel.com\/en\/andi-weigand\/\" target=\"_blank\" rel=\"noopener\">Andi Weigand, Franken<\/a><\/p><p><a href=\"https:\/\/www.weinsalonnaturel.com\/en\/elementor-seite-7626\/\" target=\"_blank\" rel=\"noopener\">Naturweinbau David Amling, Franken<\/a><\/p><p><a href=\"https:\/\/www.weinsalonnaturel.com\/en\/weinbau-martin-hirsch\/\" target=\"_blank\" rel=\"noopener\">Weinbau Martin Hirsch, Franken<\/a><\/p><p><a href=\"https:\/\/www.weinsalonnaturel.com\/en\/oekologischer-weinbau-kraemer\/\" target=\"_blank\" rel=\"noopener\">KRAEMER \u00f6ko.logisch, Franken<\/a><\/p><p><a href=\"https:\/\/www.weinsalonnaturel.com\/en\/klaar-fruchtfermente\/\" target=\"_blank\" rel=\"noopener\">Klaar \u2013 Fruchtfermente, Mecklenburg Vorpommern (Cider)<\/a><\/p><p><a href=\"https:\/\/www.weinsalonnaturel.com\/en\/lesom-weine-by-musevi-reis\/\" target=\"_blank\" rel=\"noopener\">Lesom, Mosel<\/a><\/p><p><a href=\"https:\/\/www.weinsalonnaturel.com\/en\/weingut-jus-naturae\/\" target=\"_blank\" rel=\"noopener\">Weingut Jus Naturae, Mosel<\/a><\/p><p><a href=\"https:\/\/www.weinsalonnaturel.com\/en\/piri-naturel\/\" target=\"_blank\" rel=\"noopener\">Piri Naturel, Nahe<\/a><\/p><p><a href=\"https:\/\/www.weinsalonnaturel.com\/en\/glow-glow-weingut-baumberger\/\" target=\"_blank\" rel=\"noopener\">Weingut Baumberger\/GLOW GLOW, Nahe<\/a><\/p><p><a href=\"https:\/\/www.weinsalonnaturel.com\/en\/weingut-krauss\/\" target=\"_blank\" rel=\"noopener\">Lukas Krau\u00df, Mann mit Hut, Pfalz<\/a><\/p><p><a href=\"https:\/\/www.weinsalonnaturel.com\/en\/weingut-benzinger\/\" target=\"_blank\" rel=\"noopener\">Bio Weingut Benzinger, Pfalz<\/a><\/p><p><a href=\"https:\/\/www.weinsalonnaturel.com\/en\/brand-bros-2\/\" target=\"_blank\" rel=\"noopener\">Weingut Brand, Pfalz<\/a><\/p><p><a href=\"https:\/\/www.weinsalonnaturel.com\/en\/handwein\/\" target=\"_blank\" rel=\"noopener\">&amp; Handwein, Mannheim\/Pfalz<\/a><\/p><p><a href=\"https:\/\/www.weinsalonnaturel.com\/en\/weingut-prana\/\" target=\"_blank\" rel=\"noopener\">Weingut Prana, Rheingau<\/a><\/p><p><a href=\"https:\/\/www.weinsalonnaturel.com\/en\/bergkloster\/\" target=\"_blank\" rel=\"noopener\">Bergkloster, Rheinhessen &#8211; Nur am Sonntag<\/a><\/p><p><a href=\"https:\/\/www.weinsalonnaturel.com\/en\/niklas-rueckrich\/\" target=\"_blank\" rel=\"noopener\">Niklas R\u00fcckrich, Rheinhessen<\/a><\/p><p><a href=\"https:\/\/www.weinsalonnaturel.com\/en\/weingut-carl-koch\/\" target=\"_blank\" rel=\"noopener\">Weingut Carl Koch, Rheinhessen<\/a><\/p><p><a href=\"https:\/\/www.weinsalonnaturel.com\/en\/chris-barth\/\" target=\"_blank\" rel=\"noopener\">Christopher Barth, Rheinhessen<\/a><\/p><p><a href=\"https:\/\/www.weinsalonnaturel.com\/en\/weinkellerei-katla\/\" target=\"_blank\" rel=\"noopener\">Katla Wines, Rheinhessen<\/a><\/p><p><a href=\"https:\/\/www.weinsalonnaturel.com\/en\/weingut-andi-mann\/\" target=\"_blank\" rel=\"noopener\">Weingut Andi Mann, Rheinhessen<\/a><\/p><p><a href=\"https:\/\/www.weinsalonnaturel.com\/en\/weingut-buddrus-konnievi\/\" target=\"_blank\" rel=\"noopener\">Weingut Buddrus (Konni&amp;Evi), Saale-Unstrut<\/a><\/p><p><a href=\"https:\/\/www.weinsalonnaturel.com\/en\/weingut-schweizer\/\" target=\"_blank\" rel=\"noopener\">Weingut Schweizer, W\u00fcrttemberg<\/a><\/p><p><strong>France<\/strong><\/p><p><a href=\"https:\/\/www.weinsalonnaturel.com\/en\/julien-meyer\/\" target=\"_blank\" rel=\"noopener\">Julien Meyer, Alsace<\/a><\/p><p><a href=\"https:\/\/www.weinsalonnaturel.com\/en\/labre-vike\/\" target=\"_blank\" rel=\"noopener\">L\u00b4Abre Vik\u00e9, Lorraine<\/a><\/p><p><a href=\"https:\/\/www.weinsalonnaturel.com\/en\/elementor-seite-7641\/\" target=\"_blank\" rel=\"noopener\">La Paonnerie, Ancenis\/ Loire<\/a><\/p><p><a href=\"https:\/\/www.weinsalonnaturel.com\/en\/elementor-seite-7656\/\" target=\"_blank\" rel=\"noopener\">Les Jardins de Theseiis, Touraine\/ Vall\u00e9e du Cher<\/a><\/p><p><a href=\"https:\/\/www.weinsalonnaturel.com\/en\/les-gauchers\/\" target=\"_blank\" rel=\"noopener\">Les Gauchers, Loir et Cher<\/a><\/p><p><a href=\"https:\/\/www.weinsalonnaturel.com\/en\/planquette-und-peylaby\/\" target=\"_blank\" rel=\"noopener\">Ch\u00e2teau Peylaby, M\u00e9doc<\/a><\/p><p><a href=\"https:\/\/www.weinsalonnaturel.com\/en\/le-raisin-et-lange\/\" target=\"_blank\" rel=\"noopener\">Le Raisin et l&#8217;Ange, Ard\u00e8che<\/a><\/p><p><a href=\"https:\/\/www.weinsalonnaturel.com\/en\/les-deux-terres\/\" target=\"_blank\" rel=\"noopener\">Les Deux Terres, Ard\u00e8che<\/a><\/p><p><a href=\"https:\/\/www.weinsalonnaturel.com\/en\/elementor-seite-7646\/\" target=\"_blank\" rel=\"noopener\">La Vrille et le Papillon, Ard\u00e8che<\/a><\/p><p><a href=\"https:\/\/www.weinsalonnaturel.com\/en\/elementor-seite-7651\/\" target=\"_blank\" rel=\"noopener\">Lous Grezes + Capsule, Rh\u00f4ne<\/a><\/p><p><a href=\"https:\/\/www.weinsalonnaturel.com\/en\/les-bois-perdus\/\" target=\"_blank\" rel=\"noopener\">Les Magesses, Gard<\/a><\/p><p><a href=\"https:\/\/www.weinsalonnaturel.com\/en\/elementor-seite-7661\/\" target=\"_blank\" rel=\"noopener\">Les Vignerons d&#8217;Est\u00e9zargues, Sud Vall\u00e9e du Rh\u00f4ne<\/a><\/p><p><a href=\"https:\/\/www.weinsalonnaturel.com\/en\/domaine-de-rapatel\/\" target=\"_blank\" rel=\"noopener\">Domaine de Rapatel, Petite Camargue<\/a><\/p><p><a href=\"https:\/\/www.weinsalonnaturel.com\/en\/le-temps-des-cerises\/\" target=\"_blank\" rel=\"noopener\">Le temps des cerises, Occitanie<\/a><\/p><p><a href=\"https:\/\/www.weinsalonnaturel.com\/en\/yannick-pelletier\/\" target=\"_blank\" rel=\"noopener\">Yannick Pelletier, Languedoc<\/a><\/p><p><a href=\"https:\/\/www.weinsalonnaturel.com\/en\/plateau-du-cascal\/\" target=\"_blank\" rel=\"noopener\">Plateau du Cascal, Aude<\/a><\/p><p><a href=\"https:\/\/www.weinsalonnaturel.com\/en\/la-cave-apicole\/\" target=\"_blank\" rel=\"noopener\">La Cave Apicole, Roussillon<\/a><\/p><p><strong>Austria<\/strong><\/p><p><a href=\"https:\/\/www.weinsalonnaturel.com\/en\/bioweingut-lehner\/\" target=\"_blank\" rel=\"noopener\">Weingut Lehner, Burgenland\/ Neusiedlersee<\/a><\/p><p><a href=\"https:\/\/www.weinsalonnaturel.com\/en\/liszt\/\" target=\"_blank\" rel=\"noopener\">Liszt Theresa und Bernhard, Burgenland\/ Leithaberg<\/a><\/p><p><a href=\"https:\/\/www.weinsalonnaturel.com\/en\/schmelzers-weingut\/\" target=\"_blank\" rel=\"noopener\">Schmelzer`s Weingut, Neusiedlersee<\/a><\/p><p><a href=\"https:\/\/www.weinsalonnaturel.com\/en\/weingut-karl-schnabel-ermihof\/\" target=\"_blank\" rel=\"noopener\">Weingut Karl Schnabel, Ermihof, Sausal \/S\u00fcdsteiermark<\/a><\/p><p><a href=\"https:\/\/www.weinsalonnaturel.com\/en\/michi-lorenz\/\" target=\"_blank\" rel=\"noopener\">Weingut Michi Lorenz, Sausal \/ S\u00fcdsteiermark<\/a><\/p><p><a href=\"https:\/\/www.weinsalonnaturel.com\/en\/weingut-ploder-rosenberg\/\" target=\"_blank\" rel=\"noopener\">Ploder-Rosenberg, Vulkanland Steiermark<\/a><\/p><p><a href=\"https:\/\/www.weinsalonnaturel.com\/en\/katharina-gessl\/\" target=\"_blank\" rel=\"noopener\">Katharina Gessl, Weinviertel<\/a><\/p><p><a href=\"https:\/\/www.weinsalonnaturel.com\/en\/weinhof-uibel\/\" target=\"_blank\" rel=\"noopener\">Uibelwinery, Weinviertel<\/a><\/p><p><strong>Italy<\/strong><\/p><p><a href=\"https:\/\/www.weinsalonnaturel.com\/en\/cascina-gasparda\/\" target=\"_blank\" rel=\"noopener\">Cascina Gasparda, Piemont<\/a><\/p><p><a href=\"https:\/\/www.weinsalonnaturel.com\/en\/valli-unite\/\" target=\"_blank\" rel=\"noopener\">Valli Unite, Piemont<\/a><\/p><p><a href=\"https:\/\/www.weinsalonnaturel.com\/en\/edoardo-sacchetto-ananda\/\" target=\"_blank\" rel=\"noopener\">Ananda di Edoardo Sacchetto, Veneto<\/a><\/p><p><a href=\"https:\/\/www.weinsalonnaturel.com\/en\/marco-turco\/\" target=\"_blank\" rel=\"noopener\">Marco Turco, Veneto<\/a><\/p><p><a href=\"https:\/\/www.weinsalonnaturel.com\/en\/colombaia\/\" target=\"_blank\" rel=\"noopener\">Colombaia, Toscana<\/a><\/p><p><a href=\"https:\/\/www.weinsalonnaturel.com\/en\/elementor-seite-7666\/\" target=\"_blank\" rel=\"noopener\">Pacina, Toscana<\/a><\/p><p><a href=\"https:\/\/www.weinsalonnaturel.com\/en\/sequerciani\/\" target=\"_blank\" rel=\"noopener\">Sequerciani, Toscana<\/a><\/p><p><a href=\"https:\/\/www.weinsalonnaturel.com\/en\/denavolo\/\" target=\"_blank\" rel=\"noopener\">Denavolo, Emilia-Romagna<\/a><\/p><p><a href=\"https:\/\/www.weinsalonnaturel.com\/en\/etnella\/\" target=\"_blank\" rel=\"noopener\">Etnella, Sicily<\/a><\/p><p><strong>Spain<\/strong><\/p><p><a href=\"https:\/\/www.weinsalonnaturel.com\/en\/clot-de-les-soleres\/\" target=\"_blank\" rel=\"noopener\">Clot de les Soleres, Pened\u00e8s, Catalonia<\/a><\/p><p><a href=\"https:\/\/www.weinsalonnaturel.com\/en\/la-microbodega-del-alumbro\/\" target=\"_blank\" rel=\"noopener\">La Microbodega del Alumbro, Castilla y Leon<\/a><\/p><p><a href=\"https:\/\/www.weinsalonnaturel.com\/en\/mas-goma-1724\/\" target=\"_blank\" rel=\"noopener\">Mas Gom\u00e0, Pened\u00e8s<\/a><\/p><p><a href=\"https:\/\/www.weinsalonnaturel.com\/en\/bodegas-azpillaga-urarte-sc\/\" target=\"_blank\" rel=\"noopener\">Bodegas Azpillaga Urarte, Pais Vasco<\/a><\/p><p><a href=\"https:\/\/www.weinsalonnaturel.com\/en\/la-forastera\/\" target=\"_blank\" rel=\"noopener\">La Forastera, Catalunya\/Penedes<\/a><\/p><p><a href=\"https:\/\/www.weinsalonnaturel.com\/en\/celler-ca-foracaime\/\" target=\"_blank\" rel=\"noopener\">Celler Ca Foracaime, Terra Alta Catalunya<\/a><\/p><p><a href=\"https:\/\/www.weinsalonnaturel.com\/en\/elementor-seite-8098\/\" target=\"_blank\" rel=\"noopener\">Niloufar, Alt Penedes, Catalunya<\/a><\/p><p><a href=\"https:\/\/www.weinsalonnaturel.com\/en\/elementor-7616\/\" target=\"_blank\" rel=\"noopener\">Vinyes Tortuga, Emporda, Catalunya<\/a><\/p><p><strong>Switzerland<\/strong><\/p><p><a href=\"https:\/\/www.weinsalonnaturel.com\/en\/maison-vulpin\/\" target=\"_blank\" rel=\"noopener\">Maison Vulpin, Vaud<\/a><\/p><p><strong>Greece<\/strong><\/p><p><a href=\"https:\/\/www.weinsalonnaturel.com\/en\/kamara-pure-wines\/\" target=\"_blank\" rel=\"noopener\">Kamara winery, Thessaloniki<\/a><\/p><p><strong>Slovakia<\/strong><\/p><p><a href=\"https:\/\/www.weinsalonnaturel.com\/en\/david-kusicky\/\" target=\"_blank\" rel=\"noopener\">David Ku\u0161ick\u00fd, Central Slovak wine region<\/a><\/p><p><strong>Bulgaria<\/strong><\/p><p><a href=\"https:\/\/www.weinsalonnaturel.com\/en\/naturweinfreunde-zagreus-2\/\" target=\"_blank\" rel=\"noopener\">Zagreus Natural Wine Fellows, Thracian Valley<\/a><\/p><p><span style=\"text-decoration: underline;\"><strong>SUNDAY SPECIAL<\/strong><\/span><\/p><p><strong>Germany<\/strong><\/p><p><a href=\"https:\/\/www.weinsalonnaturel.com\/en\/simon-haag\/\" target=\"_blank\" rel=\"noopener\">Simon Haag, Franken<\/a><\/p><p><a href=\"https:\/\/www.weinsalonnaturel.com\/en\/frwine\/\" target=\"_blank\" rel=\"noopener\">Frwine, Mecklenburg-Vorpommern (Cider)<\/a><\/p><p><a href=\"https:\/\/www.weinsalonnaturel.com\/en\/kmh-weine\/\" target=\"_blank\" rel=\"noopener\">Weinbau Heilemann, Mittelrhein<\/a><\/p><p><a href=\"https:\/\/www.weinsalonnaturel.com\/en\/elementor-seite-8103\/\" target=\"_blank\" rel=\"noopener\">Peter Kozma, Mosel<\/a><\/p><p><a href=\"https:\/\/www.weinsalonnaturel.com\/en\/peter-hoffmann\/\" target=\"_blank\" rel=\"noopener\">Bio Weingut Hoffmann, Mosel<\/a><\/p><p><a href=\"https:\/\/www.weinsalonnaturel.com\/en\/kemker-kultuur\/\" target=\"_blank\" rel=\"noopener\">Kemker Kultuur, M\u00fcnsterland (Beer)<\/a><\/p><p><a href=\"https:\/\/www.weinsalonnaturel.com\/en\/imi-winery\/\" target=\"_blank\" rel=\"noopener\">IMI Winery, Pfalz\/K\u00f6ln<\/a><\/p><p><a href=\"https:\/\/www.weinsalonnaturel.com\/en\/ein-weingut-namens-dope\/\" target=\"_blank\" rel=\"noopener\">EinWeingut namens DOPE, Rheinhessen<\/a><\/p><p><a href=\"https:\/\/www.weinsalonnaturel.com\/en\/hemer-and-nephew\/\" target=\"_blank\" rel=\"noopener\">Hemer&amp;nephew by Weingut Hemer Rheinhessen<\/a><\/p><p><a href=\"https:\/\/www.weinsalonnaturel.com\/en\/zarathustra-wein\/\" target=\"_blank\" rel=\"noopener\">Zarathustra Wein, Saale-Unstrut<\/a><\/p><p><a href=\"https:\/\/www.weinsalonnaturel.com\/en\/bioweingut-weinreuter\/\" target=\"_blank\" rel=\"noopener\">Bioweingut Weinreuter, W\u00fcrttemberg<\/a><\/p><p><a href=\"https:\/\/www.weinsalonnaturel.com\/en\/weingut-von-agris\/\" target=\"_blank\" rel=\"noopener\">Weingut von Agris, Franken<\/a><\/p><p><a href=\"https:\/\/www.weinsalonnaturel.com\/en\/karsey-winemaking\/\" target=\"_blank\" rel=\"noopener\">KarSey-winemaking, Franken<\/a><\/p><p><strong>Austria<\/strong><\/p><p><a href=\"https:\/\/www.weinsalonnaturel.com\/en\/felixundalex\/\" target=\"_blank\" rel=\"noopener\">Weingut Felix und Alex, Burgenland<\/a><\/p><p><strong>Spain<\/strong><\/p><p><a href=\"https:\/\/www.weinsalonnaturel.com\/en\/roca-viva-wines\/\" target=\"_blank\" rel=\"noopener\">Roca Viva Wines, Andalusia<\/a><\/p><p><strong>Italy<\/strong><\/p><p><a href=\"https:\/\/www.weinsalonnaturel.com\/en\/az-agricola-midia\/\" target=\"_blank\" rel=\"noopener\">Az. Agricola Midia, Sicily<\/a><\/p><p><strong>Hungary<\/strong><\/p><p><a href=\"https:\/\/www.weinsalonnaturel.com\/en\/z-manufakturaja\/\" target=\"_blank\" rel=\"noopener\">Z Manufakt\u00far\u00e1ja Kft., Badacsony<\/a><\/p><p><strong>Belgium<\/strong><\/p><p><a href=\"https:\/\/www.weinsalonnaturel.com\/en\/de-baets-janos\/\" target=\"_blank\" rel=\"noopener\">Dok Brewing Company, Gent, Oost-Vlaanderen (Beer)<\/a><\/p>\t\t\t\t\t\t\t\t<\/div>\n\t\t\t\t<\/div>\n\t\t\t\t\t<\/div>\n\t\t\t\t<\/div>\n\t\t\t\t<\/div>","protected":false},"excerpt":{"rendered":"<p>Die Liste f\u00fcr die Liste zur Vorbereitung Germany BIO-Weingut Lay , Baden Weingut Scherer&amp;Zimmer, Baden Winzerhof Linder, Baden\/ Kaiserstuhl 2Naturkinder, [&hellip;]<\/p>","protected":false},"author":1,"featured_media":0,"parent":0,"menu_order":0,"comment_status":"closed","ping_status":"closed","template":"","meta":{"site-sidebar-layout":"no-sidebar","site-content-layout":"","ast-site-content-layout":"full-width-container","site-content-style":"default","site-sidebar-style":"default","ast-global-header-display":"","ast-banner-title-visibility":"","ast-main-header-display":"","ast-hfb-above-header-display":"","ast-hfb-below-header-display":"","ast-hfb-mobile-header-display":"","site-post-title":"disabled","ast-breadcrumbs-content":"","ast-featured-img":"disabled","footer-sml-layout":"","theme-transparent-header-meta":"","adv-header-id-meta":"","stick-header-meta":"","header-above-stick-meta":"","header-main-stick-meta":"","header-below-stick-meta":"","astra-migrate-meta-layouts":"default","ast-page-background-enabled":"default","ast-page-background-meta":{"desktop":{"background-color":"var(--ast-global-color-4)","background-image":"","background-repeat":"repeat","background-position":"center center","background-size":"auto","background-attachment":"scroll","background-type":"","background-media":"","overlay-type":"","overlay-color":"","overlay-opacity":"","overlay-gradient":""},"tablet":{"background-color":"","background-image":"","background-repeat":"repeat","background-position":"center center","background-size":"auto","background-attachment":"scroll","background-type":"","background-media":"","overlay-type":"","overlay-color":"","overlay-opacity":"","overlay-gradient":""},"mobile":{"background-color":"","background-image":"","background-repeat":"repeat","background-position":"center center","background-size":"auto","background-attachment":"scroll","background-type":"","background-media":"","overlay-type":"","overlay-color":"","overlay-opacity":"","overlay-gradient":""}},"ast-content-background-meta":{"desktop":{"background-color":"var(--ast-global-color-5)","background-image":"","background-repeat":"repeat","background-position":"center center","background-size":"auto","background-attachment":"scroll","background-type":"","background-media":"","overlay-type":"","overlay-color":"","overlay-opacity":"","overlay-gradient":""},"tablet":{"background-color":"var(--ast-global-color-5)","background-image":"","background-repeat":"repeat","background-position":"center center","background-size":"auto","background-attachment":"scroll","background-type":"","background-media":"","overlay-type":"","overlay-color":"","overlay-opacity":"","overlay-gradient":""},"mobile":{"background-color":"var(--ast-global-color-5)","background-image":"","background-repeat":"repeat","background-position":"center center","background-size":"auto","background-attachment":"scroll","background-type":"","background-media":"","overlay-type":"","overlay-color":"","overlay-opacity":"","overlay-gradient":""}},"footnotes":""},"class_list":["post-8658","page","type-page","status-publish","hentry"],"_links":{"self":[{"href":"https:\/\/www.weinsalonnaturel.com\/en\/wp-json\/wp\/v2\/pages\/8658","targetHints":{"allow":["GET"]}}],"collection":[{"href":"https:\/\/www.weinsalonnaturel.com\/en\/wp-json\/wp\/v2\/pages"}],"about":[{"href":"https:\/\/www.weinsalonnaturel.com\/en\/wp-json\/wp\/v2\/types\/page"}],"author":[{"embeddable":true,"href":"https:\/\/www.weinsalonnaturel.com\/en\/wp-json\/wp\/v2\/users\/1"}],"replies":[{"embeddable":true,"href":"https:\/\/www.weinsalonnaturel.com\/en\/wp-json\/wp\/v2\/comments?post=8658"}],"version-history":[{"count":37,"href":"https:\/\/www.weinsalonnaturel.com\/en\/wp-json\/wp\/v2\/pages\/8658\/revisions"}],"predecessor-version":[{"id":8807,"href":"https:\/\/www.weinsalonnaturel.com\/en\/wp-json\/wp\/v2\/pages\/8658\/revisions\/8807"}],"wp:attachment":[{"href":"https:\/\/www.weinsalonnaturel.com\/en\/wp-json\/wp\/v2\/media?parent=8658"}],"curies":[{"name":"wp","href":"https:\/\/api.w.org\/{rel}","templated":true}]}}