{"id":7812,"date":"2025-01-17T16:38:27","date_gmt":"2025-01-17T15:38:27","guid":{"rendered":"https:\/\/www.weinsalonnaturel.com\/?page_id=7812"},"modified":"2026-02-09T16:00:14","modified_gmt":"2026-02-09T15:00:14","slug":"labre-vike","status":"publish","type":"page","link":"https:\/\/www.weinsalonnaturel.com\/en\/labre-vike\/","title":{"rendered":"L\u00b4Arbre Vik\u00e9"},"content":{"rendered":"<div data-elementor-type=\"wp-page\" data-elementor-id=\"7812\" class=\"elementor elementor-7812\">\n\t\t\t\t<div class=\"elementor-element elementor-element-e603117 e-flex e-con-boxed e-con e-parent\" data-id=\"e603117\" data-element_type=\"container\">\n\t\t\t\t\t<div class=\"e-con-inner\">\n\t\t\t\t<div class=\"elementor-element elementor-element-a1b423b elementor-widget elementor-widget-heading\" data-id=\"a1b423b\" data-element_type=\"widget\" data-widget_type=\"heading.default\">\n\t\t\t\t<div class=\"elementor-widget-container\">\n\t\t\t\t\t<h2 class=\"elementor-heading-title elementor-size-default\">L\u00b4Arbre Vik\u00e9<\/h2>\t\t\t\t<\/div>\n\t\t\t\t<\/div>\n\t\t\t\t\t<\/div>\n\t\t\t\t<\/div>\n\t\t<div class=\"elementor-element elementor-element-3e6d0bd e-flex e-con-boxed e-con e-parent\" data-id=\"3e6d0bd\" data-element_type=\"container\">\n\t\t\t\t\t<div class=\"e-con-inner\">\n\t\t\t\t<div class=\"elementor-element elementor-element-a365df0 elementor-widget elementor-widget-text-editor\" data-id=\"a365df0\" data-element_type=\"widget\" data-widget_type=\"text-editor.default\">\n\t\t\t\t<div class=\"elementor-widget-container\">\n\t\t\t\t\t\t\t\t\t<p><strong>Through continuity of the simplest and most natural work in the vineyard, with as few inputs as possible, and through a taste for natural wines.<\/strong><\/p>\t\t\t\t\t\t\t\t<\/div>\n\t\t\t\t<\/div>\n\t\t\t\t\t<\/div>\n\t\t\t\t<\/div>\n\t\t<div class=\"elementor-element elementor-element-140bf1f e-flex e-con-boxed e-con e-parent\" data-id=\"140bf1f\" data-element_type=\"container\">\n\t\t\t\t\t<div class=\"e-con-inner\">\n\t\t<div class=\"elementor-element elementor-element-395d09d e-con-full e-flex e-con e-child\" data-id=\"395d09d\" data-element_type=\"container\">\n\t\t\t\t<div class=\"elementor-element elementor-element-198f520 elementor-widget elementor-widget-image\" data-id=\"198f520\" data-element_type=\"widget\" data-widget_type=\"image.default\">\n\t\t\t\t<div class=\"elementor-widget-container\">\n\t\t\t\t\t\t\t\t\t\t\t\t<figure class=\"wp-caption\">\n\t\t\t\t\t\t\t\t\t\t\t<a href=\"https:\/\/www.weinsalonnaturel.com\/wp-content\/uploads\/2026\/02\/ArbreSteckbriefWSN26.jpg\" data-elementor-open-lightbox=\"yes\" data-elementor-lightbox-title=\"ArbreSteckbriefWSN26\" data-e-action-hash=\"#elementor-action%3Aaction%3Dlightbox%26settings%3DeyJpZCI6MTAxMjEsInVybCI6Imh0dHBzOlwvXC93d3cud2VpbnNhbG9ubmF0dXJlbC5jb21cL3dwLWNvbnRlbnRcL3VwbG9hZHNcLzIwMjZcLzAyXC9BcmJyZVN0ZWNrYnJpZWZXU04yNi5qcGcifQ%3D%3D\">\n\t\t\t\t\t\t\t<img fetchpriority=\"high\" decoding=\"async\" width=\"727\" height=\"1024\" src=\"https:\/\/www.weinsalonnaturel.com\/wp-content\/uploads\/2026\/02\/ArbreSteckbriefWSN26-727x1024.jpg\" class=\"attachment-large size-large wp-image-10121\" alt=\"\" srcset=\"https:\/\/www.weinsalonnaturel.com\/wp-content\/uploads\/2026\/02\/ArbreSteckbriefWSN26-727x1024.jpg 727w, https:\/\/www.weinsalonnaturel.com\/wp-content\/uploads\/2026\/02\/ArbreSteckbriefWSN26-213x300.jpg 213w, https:\/\/www.weinsalonnaturel.com\/wp-content\/uploads\/2026\/02\/ArbreSteckbriefWSN26-768x1082.jpg 768w, https:\/\/www.weinsalonnaturel.com\/wp-content\/uploads\/2026\/02\/ArbreSteckbriefWSN26-1090x1536.jpg 1090w, https:\/\/www.weinsalonnaturel.com\/wp-content\/uploads\/2026\/02\/ArbreSteckbriefWSN26-9x12.jpg 9w, https:\/\/www.weinsalonnaturel.com\/wp-content\/uploads\/2026\/02\/ArbreSteckbriefWSN26.jpg 1241w\" sizes=\"(max-width: 727px) 100vw, 727px\" \/>\t\t\t\t\t\t\t\t<\/a>\n\t\t\t\t\t\t\t\t\t\t\t<figcaption class=\"widget-image-caption wp-caption-text\">2026<\/figcaption>\n\t\t\t\t\t\t\t\t\t\t<\/figure>\n\t\t\t\t\t\t\t\t\t<\/div>\n\t\t\t\t<\/div>\n\t\t\t\t<\/div>\n\t\t<div class=\"elementor-element elementor-element-18c7b3f e-con-full e-flex e-con e-child\" data-id=\"18c7b3f\" data-element_type=\"container\">\n\t\t\t\t<div class=\"elementor-element elementor-element-ab90c61 elementor-widget elementor-widget-image\" data-id=\"ab90c61\" data-element_type=\"widget\" data-widget_type=\"image.default\">\n\t\t\t\t<div class=\"elementor-widget-container\">\n\t\t\t\t\t\t\t\t\t\t\t\t<figure class=\"wp-caption\">\n\t\t\t\t\t\t\t\t\t\t\t<a href=\"https:\/\/www.weinsalonnaturel.com\/wp-content\/uploads\/2025\/02\/L-\u0301Abre-VikeAlleSteckbriefeWSN25-scaled.jpg\" data-elementor-open-lightbox=\"yes\" data-elementor-lightbox-title=\"L \u0301Abre Vike\u0301AlleSteckbriefeWSN25\" data-e-action-hash=\"#elementor-action%3Aaction%3Dlightbox%26settings%3DeyJpZCI6ODQ2OSwidXJsIjoiaHR0cHM6XC9cL3d3dy53ZWluc2Fsb25uYXR1cmVsLmNvbVwvd3AtY29udGVudFwvdXBsb2Fkc1wvMjAyNVwvMDJcL0wtXHUwMzAxQWJyZS1WaWtlQWxsZVN0ZWNrYnJpZWZlV1NOMjUtc2NhbGVkLmpwZyJ9\">\n\t\t\t\t\t\t\t<img decoding=\"async\" width=\"724\" height=\"1024\" src=\"https:\/\/www.weinsalonnaturel.com\/wp-content\/uploads\/2025\/02\/L-\u0301Abre-VikeAlleSteckbriefeWSN25-724x1024.jpg\" class=\"attachment-large size-large wp-image-8469\" alt=\"\" srcset=\"https:\/\/www.weinsalonnaturel.com\/wp-content\/uploads\/2025\/02\/L-\u0301Abre-VikeAlleSteckbriefeWSN25-724x1024.jpg 724w, https:\/\/www.weinsalonnaturel.com\/wp-content\/uploads\/2025\/02\/L-\u0301Abre-VikeAlleSteckbriefeWSN25-212x300.jpg 212w, https:\/\/www.weinsalonnaturel.com\/wp-content\/uploads\/2025\/02\/L-\u0301Abre-VikeAlleSteckbriefeWSN25-768x1087.jpg 768w, https:\/\/www.weinsalonnaturel.com\/wp-content\/uploads\/2025\/02\/L-\u0301Abre-VikeAlleSteckbriefeWSN25-1085x1536.jpg 1085w, https:\/\/www.weinsalonnaturel.com\/wp-content\/uploads\/2025\/02\/L-\u0301Abre-VikeAlleSteckbriefeWSN25-1447x2048.jpg 1447w, https:\/\/www.weinsalonnaturel.com\/wp-content\/uploads\/2025\/02\/L-\u0301Abre-VikeAlleSteckbriefeWSN25-8x12.jpg 8w, https:\/\/www.weinsalonnaturel.com\/wp-content\/uploads\/2025\/02\/L-\u0301Abre-VikeAlleSteckbriefeWSN25-scaled.jpg 1809w\" sizes=\"(max-width: 724px) 100vw, 724px\" \/>\t\t\t\t\t\t\t\t<\/a>\n\t\t\t\t\t\t\t\t\t\t\t<figcaption class=\"widget-image-caption wp-caption-text\">2025<\/figcaption>\n\t\t\t\t\t\t\t\t\t\t<\/figure>\n\t\t\t\t\t\t\t\t\t<\/div>\n\t\t\t\t<\/div>\n\t\t\t\t<\/div>\n\t\t<div class=\"elementor-element elementor-element-c7c65dc e-con-full e-flex e-con e-child\" data-id=\"c7c65dc\" data-element_type=\"container\">\n\t\t\t\t<\/div>\n\t\t<div class=\"elementor-element elementor-element-b44620b e-con-full e-flex e-con e-child\" data-id=\"b44620b\" data-element_type=\"container\">\n\t\t\t\t<\/div>\n\t\t\t\t\t<\/div>\n\t\t\t\t<\/div>\n\t\t\t\t<\/div>","protected":false},"excerpt":{"rendered":"<p>L\u00b4Arbre Vik\u00e9 Par continuit\u00e9 du travail le plus simple et naturel \u00e0 la vigne, avec le moins d&#8217;intrants possible, et [&hellip;]<\/p>","protected":false},"author":1,"featured_media":0,"parent":0,"menu_order":0,"comment_status":"closed","ping_status":"closed","template":"","meta":{"site-sidebar-layout":"no-sidebar","site-content-layout":"","ast-site-content-layout":"full-width-container","site-content-style":"default","site-sidebar-style":"default","ast-global-header-display":"","ast-banner-title-visibility":"","ast-main-header-display":"","ast-hfb-above-header-display":"","ast-hfb-below-header-display":"","ast-hfb-mobile-header-display":"","site-post-title":"disabled","ast-breadcrumbs-content":"","ast-featured-img":"disabled","footer-sml-layout":"","theme-transparent-header-meta":"","adv-header-id-meta":"","stick-header-meta":"","header-above-stick-meta":"","header-main-stick-meta":"","header-below-stick-meta":"","astra-migrate-meta-layouts":"default","ast-page-background-enabled":"default","ast-page-background-meta":{"desktop":{"background-color":"var(--ast-global-color-4)","background-image":"","background-repeat":"repeat","background-position":"center center","background-size":"auto","background-attachment":"scroll","background-type":"","background-media":"","overlay-type":"","overlay-color":"","overlay-opacity":"","overlay-gradient":""},"tablet":{"background-color":"","background-image":"","background-repeat":"repeat","background-position":"center center","background-size":"auto","background-attachment":"scroll","background-type":"","background-media":"","overlay-type":"","overlay-color":"","overlay-opacity":"","overlay-gradient":""},"mobile":{"background-color":"","background-image":"","background-repeat":"repeat","background-position":"center center","background-size":"auto","background-attachment":"scroll","background-type":"","background-media":"","overlay-type":"","overlay-color":"","overlay-opacity":"","overlay-gradient":""}},"ast-content-background-meta":{"desktop":{"background-color":"var(--ast-global-color-5)","background-image":"","background-repeat":"repeat","background-position":"center center","background-size":"auto","background-attachment":"scroll","background-type":"","background-media":"","overlay-type":"","overlay-color":"","overlay-opacity":"","overlay-gradient":""},"tablet":{"background-color":"var(--ast-global-color-5)","background-image":"","background-repeat":"repeat","background-position":"center center","background-size":"auto","background-attachment":"scroll","background-type":"","background-media":"","overlay-type":"","overlay-color":"","overlay-opacity":"","overlay-gradient":""},"mobile":{"background-color":"var(--ast-global-color-5)","background-image":"","background-repeat":"repeat","background-position":"center center","background-size":"auto","background-attachment":"scroll","background-type":"","background-media":"","overlay-type":"","overlay-color":"","overlay-opacity":"","overlay-gradient":""}},"footnotes":""},"class_list":["post-7812","page","type-page","status-publish","hentry"],"_links":{"self":[{"href":"https:\/\/www.weinsalonnaturel.com\/en\/wp-json\/wp\/v2\/pages\/7812","targetHints":{"allow":["GET"]}}],"collection":[{"href":"https:\/\/www.weinsalonnaturel.com\/en\/wp-json\/wp\/v2\/pages"}],"about":[{"href":"https:\/\/www.weinsalonnaturel.com\/en\/wp-json\/wp\/v2\/types\/page"}],"author":[{"embeddable":true,"href":"https:\/\/www.weinsalonnaturel.com\/en\/wp-json\/wp\/v2\/users\/1"}],"replies":[{"embeddable":true,"href":"https:\/\/www.weinsalonnaturel.com\/en\/wp-json\/wp\/v2\/comments?post=7812"}],"version-history":[{"count":17,"href":"https:\/\/www.weinsalonnaturel.com\/en\/wp-json\/wp\/v2\/pages\/7812\/revisions"}],"predecessor-version":[{"id":10265,"href":"https:\/\/www.weinsalonnaturel.com\/en\/wp-json\/wp\/v2\/pages\/7812\/revisions\/10265"}],"wp:attachment":[{"href":"https:\/\/www.weinsalonnaturel.com\/en\/wp-json\/wp\/v2\/media?parent=7812"}],"curies":[{"name":"wp","href":"https:\/\/api.w.org\/{rel}","templated":true}]}}