{"id":6840,"date":"2024-09-29T18:32:36","date_gmt":"2024-09-29T16:32:36","guid":{"rendered":"https:\/\/www.weinsalonnaturel.com\/?page_id=6840"},"modified":"2024-09-29T18:32:36","modified_gmt":"2024-09-29T16:32:36","slug":"startseite","status":"publish","type":"page","link":"https:\/\/www.weinsalonnaturel.com\/en\/startseite\/","title":{"rendered":"Weinsalon Nat\u00fcrel"},"content":{"rendered":"<figure class=\"wp-block-image size-full\"><img fetchpriority=\"high\" decoding=\"async\" width=\"939\" height=\"885\" src=\"https:\/\/www.weinsalonnaturel.com\/wp-content\/uploads\/2024\/09\/WSN_LOGO_CLR-1-pdf.jpg\" alt=\"\" class=\"wp-image-6851\"\/><\/figure>\n\n\n\n<p>Weinsalon Nat\u00fcrel #9: Am 15. und 16. M\u00e4rz 2025 pr\u00e4sentieren wir im Balloni in K\u00f6ln Ehrenfeld 74 Weing\u00fcter aus ganz Europa. Wir bieten wieder an beiden Veranstaltungstagen von 11 bis 14 Uhr ein exklusives Zeitfenster f\u00fcr Fachbesucher an. Ab 14 Uhr ist die Messe dann auch f\u00fcr Privatbesucher ge\u00f6ffnet.&nbsp;<\/p>\n\n\n\n<p>Wie im vergangenen Jahr gibt es auch 2025 wieder eine kleine Erweiterung unserer Messe durch das Sunday Special am 10. M\u00e4rz. Freut euch auf mindestens 20 zus\u00e4tzliche Weing\u00fcter, die die Anforderungen f\u00fcr die Hauptmesse noch nicht ganz erf\u00fcllen konnten, die wir aber dennoch unterst\u00fctzen und f\u00f6rdern wollen.<\/p>\n\n\n\n<p>Eintritt 23\u20ac + 2\u20ac Glaspfand an der Tageskasse oder bald im <a href=\"https:\/\/weinsalonnaturel.ticket.io\/7u7r99rh\/?redirectFromEventInPast=1\">Ticketshop<\/a>.<\/p>","protected":false},"excerpt":{"rendered":"<p>Weinsalon Nat\u00fcrel #9: Am 15. und 16. M\u00e4rz 2025 pr\u00e4sentieren wir im Balloni in K\u00f6ln Ehrenfeld 74 Weing\u00fcter aus ganz [&hellip;]<\/p>","protected":false},"author":1,"featured_media":0,"parent":0,"menu_order":0,"comment_status":"closed","ping_status":"closed","template":"","meta":{"site-sidebar-layout":"default","site-content-layout":"","ast-site-content-layout":"default","site-content-style":"default","site-sidebar-style":"default","ast-global-header-display":"","ast-banner-title-visibility":"","ast-main-header-display":"","ast-hfb-above-header-display":"","ast-hfb-below-header-display":"","ast-hfb-mobile-header-display":"","site-post-title":"","ast-breadcrumbs-content":"","ast-featured-img":"","footer-sml-layout":"","theme-transparent-header-meta":"","adv-header-id-meta":"","stick-header-meta":"","header-above-stick-meta":"","header-main-stick-meta":"","header-below-stick-meta":"","astra-migrate-meta-layouts":"default","ast-page-background-enabled":"default","ast-page-background-meta":{"desktop":{"background-color":"var(--ast-global-color-4)","background-image":"","background-repeat":"repeat","background-position":"center center","background-size":"auto","background-attachment":"scroll","background-type":"","background-media":"","overlay-type":"","overlay-color":"","overlay-opacity":"","overlay-gradient":""},"tablet":{"background-color":"","background-image":"","background-repeat":"repeat","background-position":"center center","background-size":"auto","background-attachment":"scroll","background-type":"","background-media":"","overlay-type":"","overlay-color":"","overlay-opacity":"","overlay-gradient":""},"mobile":{"background-color":"","background-image":"","background-repeat":"repeat","background-position":"center center","background-size":"auto","background-attachment":"scroll","background-type":"","background-media":"","overlay-type":"","overlay-color":"","overlay-opacity":"","overlay-gradient":""}},"ast-content-background-meta":{"desktop":{"background-color":"var(--ast-global-color-5)","background-image":"","background-repeat":"repeat","background-position":"center center","background-size":"auto","background-attachment":"scroll","background-type":"","background-media":"","overlay-type":"","overlay-color":"","overlay-opacity":"","overlay-gradient":""},"tablet":{"background-color":"var(--ast-global-color-5)","background-image":"","background-repeat":"repeat","background-position":"center center","background-size":"auto","background-attachment":"scroll","background-type":"","background-media":"","overlay-type":"","overlay-color":"","overlay-opacity":"","overlay-gradient":""},"mobile":{"background-color":"var(--ast-global-color-5)","background-image":"","background-repeat":"repeat","background-position":"center center","background-size":"auto","background-attachment":"scroll","background-type":"","background-media":"","overlay-type":"","overlay-color":"","overlay-opacity":"","overlay-gradient":""}},"footnotes":""},"class_list":["post-6840","page","type-page","status-publish","hentry"],"_links":{"self":[{"href":"https:\/\/www.weinsalonnaturel.com\/en\/wp-json\/wp\/v2\/pages\/6840","targetHints":{"allow":["GET"]}}],"collection":[{"href":"https:\/\/www.weinsalonnaturel.com\/en\/wp-json\/wp\/v2\/pages"}],"about":[{"href":"https:\/\/www.weinsalonnaturel.com\/en\/wp-json\/wp\/v2\/types\/page"}],"author":[{"embeddable":true,"href":"https:\/\/www.weinsalonnaturel.com\/en\/wp-json\/wp\/v2\/users\/1"}],"replies":[{"embeddable":true,"href":"https:\/\/www.weinsalonnaturel.com\/en\/wp-json\/wp\/v2\/comments?post=6840"}],"version-history":[{"count":1,"href":"https:\/\/www.weinsalonnaturel.com\/en\/wp-json\/wp\/v2\/pages\/6840\/revisions"}],"predecessor-version":[{"id":6852,"href":"https:\/\/www.weinsalonnaturel.com\/en\/wp-json\/wp\/v2\/pages\/6840\/revisions\/6852"}],"wp:attachment":[{"href":"https:\/\/www.weinsalonnaturel.com\/en\/wp-json\/wp\/v2\/media?parent=6840"}],"curies":[{"name":"wp","href":"https:\/\/api.w.org\/{rel}","templated":true}]}}