{"id":4205,"date":"2024-10-03T14:02:53","date_gmt":"2024-10-03T12:02:53","guid":{"rendered":"https:\/\/www.weinsalonnaturel.com\/?page_id=4205"},"modified":"2026-02-09T15:44:47","modified_gmt":"2026-02-09T14:44:47","slug":"les-gauchers","status":"publish","type":"page","link":"https:\/\/www.weinsalonnaturel.com\/en\/les-gauchers\/","title":{"rendered":"&#8222;Les Gauchers&#8220;"},"content":{"rendered":"<div data-elementor-type=\"wp-page\" data-elementor-id=\"4205\" class=\"elementor elementor-4205\">\n\t\t\t\t\t\t<section class=\"elementor-section elementor-top-section elementor-element elementor-element-b64323f elementor-section-boxed elementor-section-height-default elementor-section-height-default\" data-id=\"b64323f\" data-element_type=\"section\">\n\t\t\t\t\t\t<div class=\"elementor-container elementor-column-gap-default\">\n\t\t\t\t\t<div class=\"elementor-column elementor-col-100 elementor-top-column elementor-element elementor-element-101dc1a\" data-id=\"101dc1a\" data-element_type=\"column\">\n\t\t\t<div class=\"elementor-widget-wrap elementor-element-populated\">\n\t\t\t\t\t\t<div class=\"elementor-element elementor-element-047def9 elementor-widget elementor-widget-heading\" data-id=\"047def9\" data-element_type=\"widget\" data-widget_type=\"heading.default\">\n\t\t\t\t<div class=\"elementor-widget-container\">\n\t\t\t\t\t<h2 class=\"elementor-heading-title elementor-size-default\">\"Les Gauchers\"<\/h2>\t\t\t\t<\/div>\n\t\t\t\t<\/div>\n\t\t\t\t\t<\/div>\n\t\t<\/div>\n\t\t\t\t\t<\/div>\n\t\t<\/section>\n\t\t<div class=\"elementor-element elementor-element-e7f0ab4 e-flex e-con-boxed e-con e-parent\" data-id=\"e7f0ab4\" data-element_type=\"container\">\n\t\t\t\t\t<div class=\"e-con-inner\">\n\t\t\t\t<div class=\"elementor-element elementor-element-af223bf elementor-widget elementor-widget-text-editor\" data-id=\"af223bf\" data-element_type=\"widget\" data-widget_type=\"text-editor.default\">\n\t\t\t\t<div class=\"elementor-widget-container\">\n\t\t\t\t\t\t\t\t\t<p><strong>For healthy, easy-to-digest wines that reflect the terroir and vintage in which they were born.<\/strong><\/p>\t\t\t\t\t\t\t\t<\/div>\n\t\t\t\t<\/div>\n\t\t\t\t\t<\/div>\n\t\t\t\t<\/div>\n\t\t<div class=\"elementor-element elementor-element-76cb865 e-flex e-con-boxed e-con e-parent\" data-id=\"76cb865\" data-element_type=\"container\">\n\t\t\t\t\t<div class=\"e-con-inner\">\n\t\t<div class=\"elementor-element elementor-element-408c957 e-con-full e-flex e-con e-child\" data-id=\"408c957\" data-element_type=\"container\">\n\t\t\t\t<div class=\"elementor-element elementor-element-7f28c03 elementor-widget elementor-widget-image\" data-id=\"7f28c03\" data-element_type=\"widget\" data-widget_type=\"image.default\">\n\t\t\t\t<div class=\"elementor-widget-container\">\n\t\t\t\t\t\t\t\t\t\t\t\t<figure class=\"wp-caption\">\n\t\t\t\t\t\t\t\t\t\t\t<a href=\"https:\/\/www.weinsalonnaturel.com\/wp-content\/uploads\/2026\/02\/GauchersSteckbriefWSN26.jpg\" data-elementor-open-lightbox=\"yes\" data-elementor-lightbox-title=\"GauchersSteckbriefWSN26\" data-e-action-hash=\"#elementor-action%3Aaction%3Dlightbox%26settings%3DeyJpZCI6MTAxNDIsInVybCI6Imh0dHBzOlwvXC93d3cud2VpbnNhbG9ubmF0dXJlbC5jb21cL3dwLWNvbnRlbnRcL3VwbG9hZHNcLzIwMjZcLzAyXC9HYXVjaGVyc1N0ZWNrYnJpZWZXU04yNi5qcGcifQ%3D%3D\">\n\t\t\t\t\t\t\t<img fetchpriority=\"high\" decoding=\"async\" width=\"727\" height=\"1024\" src=\"https:\/\/www.weinsalonnaturel.com\/wp-content\/uploads\/2026\/02\/GauchersSteckbriefWSN26-727x1024.jpg\" class=\"attachment-large size-large wp-image-10142\" alt=\"\" srcset=\"https:\/\/www.weinsalonnaturel.com\/wp-content\/uploads\/2026\/02\/GauchersSteckbriefWSN26-727x1024.jpg 727w, https:\/\/www.weinsalonnaturel.com\/wp-content\/uploads\/2026\/02\/GauchersSteckbriefWSN26-213x300.jpg 213w, https:\/\/www.weinsalonnaturel.com\/wp-content\/uploads\/2026\/02\/GauchersSteckbriefWSN26-768x1082.jpg 768w, https:\/\/www.weinsalonnaturel.com\/wp-content\/uploads\/2026\/02\/GauchersSteckbriefWSN26-1090x1536.jpg 1090w, https:\/\/www.weinsalonnaturel.com\/wp-content\/uploads\/2026\/02\/GauchersSteckbriefWSN26-9x12.jpg 9w, https:\/\/www.weinsalonnaturel.com\/wp-content\/uploads\/2026\/02\/GauchersSteckbriefWSN26.jpg 1241w\" sizes=\"(max-width: 727px) 100vw, 727px\" \/>\t\t\t\t\t\t\t\t<\/a>\n\t\t\t\t\t\t\t\t\t\t\t<figcaption class=\"widget-image-caption wp-caption-text\">2026<\/figcaption>\n\t\t\t\t\t\t\t\t\t\t<\/figure>\n\t\t\t\t\t\t\t\t\t<\/div>\n\t\t\t\t<\/div>\n\t\t\t\t<\/div>\n\t\t<div class=\"elementor-element elementor-element-20ab681 e-con-full e-flex e-con e-child\" data-id=\"20ab681\" data-element_type=\"container\">\n\t\t\t\t<div class=\"elementor-element elementor-element-fe640a2 elementor-widget elementor-widget-image\" data-id=\"fe640a2\" data-element_type=\"widget\" data-widget_type=\"image.default\">\n\t\t\t\t<div class=\"elementor-widget-container\">\n\t\t\t\t\t\t\t\t\t\t\t\t<figure class=\"wp-caption\">\n\t\t\t\t\t\t\t\t\t\t\t<a href=\"https:\/\/www.weinsalonnaturel.com\/wp-content\/uploads\/2025\/02\/Les-GauchersAlleSteckbriefeWSN25-scaled.jpg\" data-elementor-open-lightbox=\"yes\" data-elementor-lightbox-title=\"Les GauchersAlleSteckbriefeWSN25\" data-e-action-hash=\"#elementor-action%3Aaction%3Dlightbox%26settings%3DeyJpZCI6ODQxMywidXJsIjoiaHR0cHM6XC9cL3d3dy53ZWluc2Fsb25uYXR1cmVsLmNvbVwvd3AtY29udGVudFwvdXBsb2Fkc1wvMjAyNVwvMDJcL0xlcy1HYXVjaGVyc0FsbGVTdGVja2JyaWVmZVdTTjI1LXNjYWxlZC5qcGcifQ%3D%3D\">\n\t\t\t\t\t\t\t<img decoding=\"async\" width=\"724\" height=\"1024\" src=\"https:\/\/www.weinsalonnaturel.com\/wp-content\/uploads\/2025\/02\/Les-GauchersAlleSteckbriefeWSN25-724x1024.jpg\" class=\"attachment-large size-large wp-image-8413\" alt=\"\" srcset=\"https:\/\/www.weinsalonnaturel.com\/wp-content\/uploads\/2025\/02\/Les-GauchersAlleSteckbriefeWSN25-724x1024.jpg 724w, https:\/\/www.weinsalonnaturel.com\/wp-content\/uploads\/2025\/02\/Les-GauchersAlleSteckbriefeWSN25-212x300.jpg 212w, https:\/\/www.weinsalonnaturel.com\/wp-content\/uploads\/2025\/02\/Les-GauchersAlleSteckbriefeWSN25-768x1087.jpg 768w, https:\/\/www.weinsalonnaturel.com\/wp-content\/uploads\/2025\/02\/Les-GauchersAlleSteckbriefeWSN25-1085x1536.jpg 1085w, https:\/\/www.weinsalonnaturel.com\/wp-content\/uploads\/2025\/02\/Les-GauchersAlleSteckbriefeWSN25-1447x2048.jpg 1447w, https:\/\/www.weinsalonnaturel.com\/wp-content\/uploads\/2025\/02\/Les-GauchersAlleSteckbriefeWSN25-8x12.jpg 8w, https:\/\/www.weinsalonnaturel.com\/wp-content\/uploads\/2025\/02\/Les-GauchersAlleSteckbriefeWSN25-scaled.jpg 1809w\" sizes=\"(max-width: 724px) 100vw, 724px\" \/>\t\t\t\t\t\t\t\t<\/a>\n\t\t\t\t\t\t\t\t\t\t\t<figcaption class=\"widget-image-caption wp-caption-text\">2025<\/figcaption>\n\t\t\t\t\t\t\t\t\t\t<\/figure>\n\t\t\t\t\t\t\t\t\t<\/div>\n\t\t\t\t<\/div>\n\t\t\t\t<\/div>\n\t\t<div class=\"elementor-element elementor-element-a4c471b e-con-full e-flex e-con e-child\" data-id=\"a4c471b\" data-element_type=\"container\">\n\t\t\t\t<div class=\"elementor-element elementor-element-86ce603 elementor-widget elementor-widget-image\" data-id=\"86ce603\" data-element_type=\"widget\" data-widget_type=\"image.default\">\n\t\t\t\t<div class=\"elementor-widget-container\">\n\t\t\t\t\t\t\t\t\t\t\t\t<figure class=\"wp-caption\">\n\t\t\t\t\t\t\t\t\t\t\t<a href=\"https:\/\/www.weinsalonnaturel.com\/wp-content\/uploads\/2024\/09\/Weinsalon24_Steckbriefe_final_Les-Gauchers-1152x2048-1.jpg\" data-elementor-open-lightbox=\"yes\" data-elementor-lightbox-title=\"Weinsalon24_Steckbriefe_final_Les-Gauchers-1152x2048\" data-e-action-hash=\"#elementor-action%3Aaction%3Dlightbox%26settings%3DeyJpZCI6NjczMiwidXJsIjoiaHR0cHM6XC9cL3d3dy53ZWluc2Fsb25uYXR1cmVsLmNvbVwvd3AtY29udGVudFwvdXBsb2Fkc1wvMjAyNFwvMDlcL1dlaW5zYWxvbjI0X1N0ZWNrYnJpZWZlX2ZpbmFsX0xlcy1HYXVjaGVycy0xMTUyeDIwNDgtMS5qcGcifQ%3D%3D\">\n\t\t\t\t\t\t\t<img decoding=\"async\" width=\"768\" height=\"1365\" src=\"https:\/\/www.weinsalonnaturel.com\/wp-content\/uploads\/2024\/09\/Weinsalon24_Steckbriefe_final_Les-Gauchers-1152x2048-1-768x1365.jpg\" class=\"attachment-medium_large size-medium_large wp-image-6732\" alt=\"\" srcset=\"https:\/\/www.weinsalonnaturel.com\/wp-content\/uploads\/2024\/09\/Weinsalon24_Steckbriefe_final_Les-Gauchers-1152x2048-1-768x1365.jpg 768w, https:\/\/www.weinsalonnaturel.com\/wp-content\/uploads\/2024\/09\/Weinsalon24_Steckbriefe_final_Les-Gauchers-1152x2048-1-169x300.jpg 169w, https:\/\/www.weinsalonnaturel.com\/wp-content\/uploads\/2024\/09\/Weinsalon24_Steckbriefe_final_Les-Gauchers-1152x2048-1-576x1024.jpg 576w, https:\/\/www.weinsalonnaturel.com\/wp-content\/uploads\/2024\/09\/Weinsalon24_Steckbriefe_final_Les-Gauchers-1152x2048-1-864x1536.jpg 864w, https:\/\/www.weinsalonnaturel.com\/wp-content\/uploads\/2024\/09\/Weinsalon24_Steckbriefe_final_Les-Gauchers-1152x2048-1.jpg 1152w\" sizes=\"(max-width: 768px) 100vw, 768px\" \/>\t\t\t\t\t\t\t\t<\/a>\n\t\t\t\t\t\t\t\t\t\t\t<figcaption class=\"widget-image-caption wp-caption-text\">2024<\/figcaption>\n\t\t\t\t\t\t\t\t\t\t<\/figure>\n\t\t\t\t\t\t\t\t\t<\/div>\n\t\t\t\t<\/div>\n\t\t\t\t<\/div>\n\t\t<div class=\"elementor-element elementor-element-74628bc e-con-full e-flex e-con e-child\" data-id=\"74628bc\" data-element_type=\"container\">\n\t\t\t\t<\/div>\n\t\t\t\t\t<\/div>\n\t\t\t\t<\/div>\n\t\t\t\t<\/div>","protected":false},"excerpt":{"rendered":"<p>&#8222;Les Gauchers&#8220; Pour des vins sains et digestes, qui refl\u00e8tent le terroir et le mill\u00e9sime qui les a vu na\u00eetre [&hellip;]<\/p>","protected":false},"author":1,"featured_media":6732,"parent":0,"menu_order":0,"comment_status":"closed","ping_status":"closed","template":"","meta":{"site-sidebar-layout":"no-sidebar","site-content-layout":"page-builder","ast-site-content-layout":"full-width-container","site-content-style":"default","site-sidebar-style":"default","ast-global-header-display":"","ast-banner-title-visibility":"","ast-main-header-display":"","ast-hfb-above-header-display":"","ast-hfb-below-header-display":"","ast-hfb-mobile-header-display":"","site-post-title":"disabled","ast-breadcrumbs-content":"","ast-featured-img":"disabled","footer-sml-layout":"","theme-transparent-header-meta":"","adv-header-id-meta":"","stick-header-meta":"","header-above-stick-meta":"","header-main-stick-meta":"","header-below-stick-meta":"","astra-migrate-meta-layouts":"set","ast-page-background-enabled":"default","ast-page-background-meta":{"desktop":{"background-color":"var(--ast-global-color-4)","background-image":"","background-repeat":"repeat","background-position":"center center","background-size":"auto","background-attachment":"scroll","background-type":"","background-media":"","overlay-type":"","overlay-color":"","overlay-opacity":"","overlay-gradient":""},"tablet":{"background-color":"","background-image":"","background-repeat":"repeat","background-position":"center center","background-size":"auto","background-attachment":"scroll","background-type":"","background-media":"","overlay-type":"","overlay-color":"","overlay-opacity":"","overlay-gradient":""},"mobile":{"background-color":"","background-image":"","background-repeat":"repeat","background-position":"center center","background-size":"auto","background-attachment":"scroll","background-type":"","background-media":"","overlay-type":"","overlay-color":"","overlay-opacity":"","overlay-gradient":""}},"ast-content-background-meta":{"desktop":{"background-color":"var(--ast-global-color-5)","background-image":"","background-repeat":"repeat","background-position":"center center","background-size":"auto","background-attachment":"scroll","background-type":"","background-media":"","overlay-type":"","overlay-color":"","overlay-opacity":"","overlay-gradient":""},"tablet":{"background-color":"var(--ast-global-color-5)","background-image":"","background-repeat":"repeat","background-position":"center center","background-size":"auto","background-attachment":"scroll","background-type":"","background-media":"","overlay-type":"","overlay-color":"","overlay-opacity":"","overlay-gradient":""},"mobile":{"background-color":"var(--ast-global-color-5)","background-image":"","background-repeat":"repeat","background-position":"center center","background-size":"auto","background-attachment":"scroll","background-type":"","background-media":"","overlay-type":"","overlay-color":"","overlay-opacity":"","overlay-gradient":""}},"footnotes":""},"class_list":["post-4205","page","type-page","status-publish","has-post-thumbnail","hentry"],"_links":{"self":[{"href":"https:\/\/www.weinsalonnaturel.com\/en\/wp-json\/wp\/v2\/pages\/4205","targetHints":{"allow":["GET"]}}],"collection":[{"href":"https:\/\/www.weinsalonnaturel.com\/en\/wp-json\/wp\/v2\/pages"}],"about":[{"href":"https:\/\/www.weinsalonnaturel.com\/en\/wp-json\/wp\/v2\/types\/page"}],"author":[{"embeddable":true,"href":"https:\/\/www.weinsalonnaturel.com\/en\/wp-json\/wp\/v2\/users\/1"}],"replies":[{"embeddable":true,"href":"https:\/\/www.weinsalonnaturel.com\/en\/wp-json\/wp\/v2\/comments?post=4205"}],"version-history":[{"count":22,"href":"https:\/\/www.weinsalonnaturel.com\/en\/wp-json\/wp\/v2\/pages\/4205\/revisions"}],"predecessor-version":[{"id":10178,"href":"https:\/\/www.weinsalonnaturel.com\/en\/wp-json\/wp\/v2\/pages\/4205\/revisions\/10178"}],"wp:featuredmedia":[{"embeddable":true,"href":"https:\/\/www.weinsalonnaturel.com\/en\/wp-json\/wp\/v2\/media\/6732"}],"wp:attachment":[{"href":"https:\/\/www.weinsalonnaturel.com\/en\/wp-json\/wp\/v2\/media?parent=4205"}],"curies":[{"name":"wp","href":"https:\/\/api.w.org\/{rel}","templated":true}]}}