{"id":294,"date":"2022-02-26T03:47:46","date_gmt":"2022-02-26T02:47:46","guid":{"rendered":"https:\/\/www.weinsalonnaturel.com\/?page_id=294"},"modified":"2026-03-07T12:26:26","modified_gmt":"2026-03-07T11:26:26","slug":"programm","status":"publish","type":"page","link":"https:\/\/www.weinsalonnaturel.com\/en\/programm\/","title":{"rendered":"Programm"},"content":{"rendered":"<div data-elementor-type=\"wp-page\" data-elementor-id=\"294\" class=\"elementor elementor-294\">\n\t\t\t\t<div class=\"elementor-element elementor-element-c87030c e-flex e-con-boxed e-con e-parent\" data-id=\"c87030c\" data-element_type=\"container\">\n\t\t\t\t\t<div class=\"e-con-inner\">\n\t\t<div class=\"elementor-element elementor-element-40a6a1c e-con-full e-flex e-con e-child\" data-id=\"40a6a1c\" data-element_type=\"container\">\n\t\t\t\t<div class=\"elementor-element elementor-element-4f1c09e elementor-widget elementor-widget-image\" data-id=\"4f1c09e\" data-element_type=\"widget\" data-widget_type=\"image.default\">\n\t\t\t\t<div class=\"elementor-widget-container\">\n\t\t\t\t\t\t\t\t\t\t\t\t\t\t\t\t<a href=\"https:\/\/www.weinsalonnaturel.com\/wp-content\/uploads\/2026\/03\/ProgrammmfertigWSN26.jpg\" data-elementor-open-lightbox=\"yes\" data-elementor-lightbox-title=\"ProgrammmfertigWSN26\" data-e-action-hash=\"#elementor-action%3Aaction%3Dlightbox%26settings%3DeyJpZCI6MTA2ODQsInVybCI6Imh0dHBzOlwvXC93d3cud2VpbnNhbG9ubmF0dXJlbC5jb21cL3dwLWNvbnRlbnRcL3VwbG9hZHNcLzIwMjZcLzAzXC9Qcm9ncmFtbW1mZXJ0aWdXU04yNi5qcGcifQ%3D%3D\">\n\t\t\t\t\t\t\t<img fetchpriority=\"high\" decoding=\"async\" width=\"724\" height=\"1024\" src=\"https:\/\/www.weinsalonnaturel.com\/wp-content\/uploads\/2026\/03\/ProgrammmfertigWSN26-724x1024.jpg\" class=\"attachment-large size-large wp-image-10684\" alt=\"\" srcset=\"https:\/\/www.weinsalonnaturel.com\/wp-content\/uploads\/2026\/03\/ProgrammmfertigWSN26-724x1024.jpg 724w, https:\/\/www.weinsalonnaturel.com\/wp-content\/uploads\/2026\/03\/ProgrammmfertigWSN26-212x300.jpg 212w, https:\/\/www.weinsalonnaturel.com\/wp-content\/uploads\/2026\/03\/ProgrammmfertigWSN26-768x1086.jpg 768w, https:\/\/www.weinsalonnaturel.com\/wp-content\/uploads\/2026\/03\/ProgrammmfertigWSN26-1086x1536.jpg 1086w, https:\/\/www.weinsalonnaturel.com\/wp-content\/uploads\/2026\/03\/ProgrammmfertigWSN26-8x12.jpg 8w, https:\/\/www.weinsalonnaturel.com\/wp-content\/uploads\/2026\/03\/ProgrammmfertigWSN26.jpg 1414w\" sizes=\"(max-width: 724px) 100vw, 724px\" \/>\t\t\t\t\t\t\t\t<\/a>\n\t\t\t\t\t\t\t\t\t\t\t\t\t\t\t<\/div>\n\t\t\t\t<\/div>\n\t\t\t\t<\/div>\n\t\t<div class=\"elementor-element elementor-element-13eaa00 e-con-full e-flex e-con e-child\" data-id=\"13eaa00\" data-element_type=\"container\">\n\t\t\t\t<div class=\"elementor-element elementor-element-9312d19 elementor-widget elementor-widget-image\" data-id=\"9312d19\" data-element_type=\"widget\" data-widget_type=\"image.default\">\n\t\t\t\t<div class=\"elementor-widget-container\">\n\t\t\t\t\t\t\t\t\t\t\t\t\t\t\t\t<a href=\"https:\/\/www.weinsalonnaturel.com\/wp-content\/uploads\/2026\/02\/ProgrammS2.jpg\" data-elementor-open-lightbox=\"yes\" data-elementor-lightbox-title=\"ProgrammS2\" data-e-action-hash=\"#elementor-action%3Aaction%3Dlightbox%26settings%3DeyJpZCI6MTA0MjMsInVybCI6Imh0dHBzOlwvXC93d3cud2VpbnNhbG9ubmF0dXJlbC5jb21cL3dwLWNvbnRlbnRcL3VwbG9hZHNcLzIwMjZcLzAyXC9Qcm9ncmFtbVMyLmpwZyJ9\">\n\t\t\t\t\t\t\t<img decoding=\"async\" width=\"724\" height=\"1024\" src=\"https:\/\/www.weinsalonnaturel.com\/wp-content\/uploads\/2026\/02\/ProgrammS2-724x1024.jpg\" class=\"attachment-large size-large wp-image-10423\" alt=\"\" srcset=\"https:\/\/www.weinsalonnaturel.com\/wp-content\/uploads\/2026\/02\/ProgrammS2-724x1024.jpg 724w, https:\/\/www.weinsalonnaturel.com\/wp-content\/uploads\/2026\/02\/ProgrammS2-212x300.jpg 212w, https:\/\/www.weinsalonnaturel.com\/wp-content\/uploads\/2026\/02\/ProgrammS2-768x1086.jpg 768w, https:\/\/www.weinsalonnaturel.com\/wp-content\/uploads\/2026\/02\/ProgrammS2-1086x1536.jpg 1086w, https:\/\/www.weinsalonnaturel.com\/wp-content\/uploads\/2026\/02\/ProgrammS2-8x12.jpg 8w, https:\/\/www.weinsalonnaturel.com\/wp-content\/uploads\/2026\/02\/ProgrammS2.jpg 1414w\" sizes=\"(max-width: 724px) 100vw, 724px\" \/>\t\t\t\t\t\t\t\t<\/a>\n\t\t\t\t\t\t\t\t\t\t\t\t\t\t\t<\/div>\n\t\t\t\t<\/div>\n\t\t\t\t<\/div>\n\t\t\t\t\t<\/div>\n\t\t\t\t<\/div>\n\t\t<div class=\"elementor-element elementor-element-9f7cb42 e-flex e-con-boxed e-con e-parent\" data-id=\"9f7cb42\" data-element_type=\"container\">\n\t\t\t\t\t<div class=\"e-con-inner\">\n\t\t\t\t<div class=\"elementor-element elementor-element-8579b0a elementor-widget elementor-widget-heading\" data-id=\"8579b0a\" data-element_type=\"widget\" data-widget_type=\"heading.default\">\n\t\t\t\t<div class=\"elementor-widget-container\">\n\t\t\t\t\t<h2 class=\"elementor-heading-title elementor-size-default\">Events with the fair...<\/h2>\t\t\t\t<\/div>\n\t\t\t\t<\/div>\n\t\t\t\t\t<\/div>\n\t\t\t\t<\/div>\n\t\t<div class=\"elementor-element elementor-element-5885c0e e-flex e-con-boxed e-con e-parent\" data-id=\"5885c0e\" data-element_type=\"container\">\n\t\t\t\t\t<div class=\"e-con-inner\">\n\t\t\t\t<div class=\"elementor-element elementor-element-37b028b elementor-widget elementor-widget-heading\" data-id=\"37b028b\" data-element_type=\"widget\" data-widget_type=\"heading.default\">\n\t\t\t\t<div class=\"elementor-widget-container\">\n\t\t\t\t\t<h2 class=\"elementor-heading-title elementor-size-default\"><a href=\"https:\/\/www.bumannundsohn.de\/\">15.3.26 - 18h Destroy Party c\/o Bumann&amp;Sohn<\/a><\/h2>\t\t\t\t<\/div>\n\t\t\t\t<\/div>\n\t\t\t\t\t<\/div>\n\t\t\t\t<\/div>\n\t\t<div class=\"elementor-element elementor-element-703717f e-flex e-con-boxed e-con e-parent\" data-id=\"703717f\" data-element_type=\"container\">\n\t\t\t\t\t<div class=\"e-con-inner\">\n\t\t<div class=\"elementor-element elementor-element-e98180d e-con-full e-flex e-con e-child\" data-id=\"e98180d\" data-element_type=\"container\">\n\t\t\t\t<div class=\"elementor-element elementor-element-4389dc2 elementor-widget elementor-widget-text-editor\" data-id=\"4389dc2\" data-element_type=\"widget\" data-widget_type=\"text-editor.default\">\n\t\t\t\t<div class=\"elementor-widget-container\">\n\t\t\t\t\t\t\t\t\t<p>On Sunday, March 15, 2026, we will close the Weinsalon Nat\u00fcrel at 6 p.m. and invite you to respectfully destroy all opened bottles\u2014drink them up\u2014a destroy party, so to speak. This will take place a few meters away at <a href=\"https:\/\/www.bumannundsohn.de\/\" target=\"_blank\" rel=\"noopener\">Bumann&amp;Sohn<\/a>For \u20ac5, you can \u201crent\u201d an empty glass and refill it from the opened bottles as you please.  There will also be food and, of course, a nice K\u00f6lsch beer.<\/p>\t\t\t\t\t\t\t\t<\/div>\n\t\t\t\t<\/div>\n\t\t\t\t<\/div>\n\t\t<div class=\"elementor-element elementor-element-725146d e-con-full e-flex e-con e-child\" data-id=\"725146d\" data-element_type=\"container\">\n\t\t\t\t<div class=\"elementor-element elementor-element-b41f07f elementor-widget elementor-widget-image\" data-id=\"b41f07f\" data-element_type=\"widget\" data-widget_type=\"image.default\">\n\t\t\t\t<div class=\"elementor-widget-container\">\n\t\t\t\t\t\t\t\t\t\t\t\t\t\t\t\t<a href=\"https:\/\/www.weinsalonnaturel.com\/wp-content\/uploads\/2026\/02\/emptythe_bottles_2_post.jpg\" data-elementor-open-lightbox=\"yes\" data-elementor-lightbox-title=\"emptythe_bottles_2_post\" data-e-action-hash=\"#elementor-action%3Aaction%3Dlightbox%26settings%3DeyJpZCI6MTA1OTksInVybCI6Imh0dHBzOlwvXC93d3cud2VpbnNhbG9ubmF0dXJlbC5jb21cL3dwLWNvbnRlbnRcL3VwbG9hZHNcLzIwMjZcLzAyXC9lbXB0eXRoZV9ib3R0bGVzXzJfcG9zdC5qcGcifQ%3D%3D\">\n\t\t\t\t\t\t\t<img decoding=\"async\" width=\"213\" height=\"300\" src=\"https:\/\/www.weinsalonnaturel.com\/wp-content\/uploads\/2026\/02\/emptythe_bottles_2_post-213x300.jpg\" class=\"attachment-medium size-medium wp-image-10599\" alt=\"\" srcset=\"https:\/\/www.weinsalonnaturel.com\/wp-content\/uploads\/2026\/02\/emptythe_bottles_2_post-213x300.jpg 213w, https:\/\/www.weinsalonnaturel.com\/wp-content\/uploads\/2026\/02\/emptythe_bottles_2_post-726x1024.jpg 726w, https:\/\/www.weinsalonnaturel.com\/wp-content\/uploads\/2026\/02\/emptythe_bottles_2_post-768x1083.jpg 768w, https:\/\/www.weinsalonnaturel.com\/wp-content\/uploads\/2026\/02\/emptythe_bottles_2_post-1090x1536.jpg 1090w, https:\/\/www.weinsalonnaturel.com\/wp-content\/uploads\/2026\/02\/emptythe_bottles_2_post-9x12.jpg 9w, https:\/\/www.weinsalonnaturel.com\/wp-content\/uploads\/2026\/02\/emptythe_bottles_2_post.jpg 1362w\" sizes=\"(max-width: 213px) 100vw, 213px\" \/>\t\t\t\t\t\t\t\t<\/a>\n\t\t\t\t\t\t\t\t\t\t\t\t\t\t\t<\/div>\n\t\t\t\t<\/div>\n\t\t\t\t<\/div>\n\t\t\t\t\t<\/div>\n\t\t\t\t<\/div>\n\t\t<div class=\"elementor-element elementor-element-edc45ca e-flex e-con-boxed e-con e-parent\" data-id=\"edc45ca\" data-element_type=\"container\">\n\t\t\t\t\t<div class=\"e-con-inner\">\n\t\t\t\t<div class=\"elementor-element elementor-element-bd40f43 elementor-widget elementor-widget-text-editor\" data-id=\"bd40f43\" data-element_type=\"widget\" data-widget_type=\"text-editor.default\">\n\t\t\t\t<div class=\"elementor-widget-container\">\n\t\t\t\t\t\t\t\t\t<h3><strong>Weinsalon Nat\u00fcrel 14. &amp; 15. M\u00e4rz 2026 &#8211; Balloni Halle K\u00f6ln-Ehrenfeld<\/strong><\/h3><h4>\u00a0<\/h4><h4><strong>Saturday<\/strong><\/h4><p>Entry professionals 11h<br \/>Entry public 14h<br \/>End 18h<\/p><p><strong>Lecker Abend (winemakers dinner)<\/strong> <br \/>start at 20h<\/p><p><a href=\"https:\/\/weinsalonnaturel.ticket.io\/KN0RekRz\/?fbclid=PAZXh0bgNhZW0CMTEAAadNLzO0xvxMyoqEKll3T-L3SQlj7mRATZZpwJrzB7q-JhB-r8KeMY581kDVqA_aem_fcx8dOUOzLThuwTePrAjeg\" target=\"_blank\" rel=\"noopener\">Tickets<\/a><\/p><h4>\u00a0<strong>Sonntag + Sunday Special*<br \/><\/strong><\/h4><p>Einlass Fachbesucher und Privatbesucher: 11 Uhr<br \/>End 18h<\/p><p>*Sunday special* \u2013 Sprungbrett nur am So 15.03.2026<\/p><p>*Sunday Special is for all those who are just starting out with natural wine, are still in the process of converting to organic cultivation, do not yet fully meet the priorities of the Wine Salon, but are on their way. - Natural Beginners.<\/p>\t\t\t\t\t\t\t\t<\/div>\n\t\t\t\t<\/div>\n\t\t\t\t\t<\/div>\n\t\t\t\t<\/div>\n\t\t\t\t<\/div>","protected":false},"excerpt":{"rendered":"<p>Events with the fair&#8230; 15.3.26 &#8211; 18h Destroy Party c\/o Bumann&amp;Sohn Am Sonntag 15.3.26 schlie\u00dfen wir den Weinsalon Nat\u00fcrel um [&hellip;]<\/p>","protected":false},"author":1,"featured_media":0,"parent":0,"menu_order":0,"comment_status":"closed","ping_status":"closed","template":"","meta":{"site-sidebar-layout":"no-sidebar","site-content-layout":"plain-container","ast-site-content-layout":"default","site-content-style":"default","site-sidebar-style":"default","ast-global-header-display":"","ast-banner-title-visibility":"","ast-main-header-display":"","ast-hfb-above-header-display":"","ast-hfb-below-header-display":"","ast-hfb-mobile-header-display":"","site-post-title":"disabled","ast-breadcrumbs-content":"","ast-featured-img":"disabled","footer-sml-layout":"","theme-transparent-header-meta":"","adv-header-id-meta":"","stick-header-meta":"","header-above-stick-meta":"","header-main-stick-meta":"","header-below-stick-meta":"","astra-migrate-meta-layouts":"default","ast-page-background-enabled":"default","ast-page-background-meta":{"desktop":{"background-color":"var(--ast-global-color-4)","background-image":"","background-repeat":"repeat","background-position":"center center","background-size":"auto","background-attachment":"scroll","background-type":"","background-media":"","overlay-type":"","overlay-color":"","overlay-opacity":"","overlay-gradient":""},"tablet":{"background-color":"","background-image":"","background-repeat":"repeat","background-position":"center center","background-size":"auto","background-attachment":"scroll","background-type":"","background-media":"","overlay-type":"","overlay-color":"","overlay-opacity":"","overlay-gradient":""},"mobile":{"background-color":"","background-image":"","background-repeat":"repeat","background-position":"center center","background-size":"auto","background-attachment":"scroll","background-type":"","background-media":"","overlay-type":"","overlay-color":"","overlay-opacity":"","overlay-gradient":""}},"ast-content-background-meta":{"desktop":{"background-color":"var(--ast-global-color-5)","background-image":"","background-repeat":"repeat","background-position":"center center","background-size":"auto","background-attachment":"scroll","background-type":"","background-media":"","overlay-type":"","overlay-color":"","overlay-opacity":"","overlay-gradient":""},"tablet":{"background-color":"var(--ast-global-color-5)","background-image":"","background-repeat":"repeat","background-position":"center center","background-size":"auto","background-attachment":"scroll","background-type":"","background-media":"","overlay-type":"","overlay-color":"","overlay-opacity":"","overlay-gradient":""},"mobile":{"background-color":"var(--ast-global-color-5)","background-image":"","background-repeat":"repeat","background-position":"center center","background-size":"auto","background-attachment":"scroll","background-type":"","background-media":"","overlay-type":"","overlay-color":"","overlay-opacity":"","overlay-gradient":""}},"footnotes":""},"class_list":["post-294","page","type-page","status-publish","hentry"],"_links":{"self":[{"href":"https:\/\/www.weinsalonnaturel.com\/en\/wp-json\/wp\/v2\/pages\/294","targetHints":{"allow":["GET"]}}],"collection":[{"href":"https:\/\/www.weinsalonnaturel.com\/en\/wp-json\/wp\/v2\/pages"}],"about":[{"href":"https:\/\/www.weinsalonnaturel.com\/en\/wp-json\/wp\/v2\/types\/page"}],"author":[{"embeddable":true,"href":"https:\/\/www.weinsalonnaturel.com\/en\/wp-json\/wp\/v2\/users\/1"}],"replies":[{"embeddable":true,"href":"https:\/\/www.weinsalonnaturel.com\/en\/wp-json\/wp\/v2\/comments?post=294"}],"version-history":[{"count":75,"href":"https:\/\/www.weinsalonnaturel.com\/en\/wp-json\/wp\/v2\/pages\/294\/revisions"}],"predecessor-version":[{"id":10687,"href":"https:\/\/www.weinsalonnaturel.com\/en\/wp-json\/wp\/v2\/pages\/294\/revisions\/10687"}],"wp:attachment":[{"href":"https:\/\/www.weinsalonnaturel.com\/en\/wp-json\/wp\/v2\/media?parent=294"}],"curies":[{"name":"wp","href":"https:\/\/api.w.org\/{rel}","templated":true}]}}