{"id":2695,"date":"2023-08-26T12:19:26","date_gmt":"2023-08-26T10:19:26","guid":{"rendered":"https:\/\/www.weinsalonnaturel.com\/?page_id=2695"},"modified":"2023-08-26T12:19:26","modified_gmt":"2023-08-26T10:19:26","slug":"fuer-die-bewerbung-for-inscription","status":"publish","type":"page","link":"https:\/\/www.weinsalonnaturel.com\/en\/fuer-die-bewerbung-for-inscription\/","title":{"rendered":"F\u00fcr die Bewerbung"},"content":{"rendered":"<div data-elementor-type=\"wp-page\" data-elementor-id=\"2695\" class=\"elementor elementor-2695\">\n\t\t\t\t\t\t<section class=\"elementor-section elementor-top-section elementor-element elementor-element-c4b6df1 elementor-section-boxed elementor-section-height-default elementor-section-height-default\" data-id=\"c4b6df1\" data-element_type=\"section\">\n\t\t\t\t\t\t<div class=\"elementor-container elementor-column-gap-default\">\n\t\t\t\t\t<div class=\"elementor-column elementor-col-100 elementor-top-column elementor-element elementor-element-ee40f90\" data-id=\"ee40f90\" data-element_type=\"column\">\n\t\t\t<div class=\"elementor-widget-wrap elementor-element-populated\">\n\t\t\t\t\t\t<div class=\"elementor-element elementor-element-dad010b elementor-widget elementor-widget-spacer\" data-id=\"dad010b\" data-element_type=\"widget\" data-widget_type=\"spacer.default\">\n\t\t\t\t<div class=\"elementor-widget-container\">\n\t\t\t\t\t\t\t<div class=\"elementor-spacer\">\n\t\t\t<div class=\"elementor-spacer-inner\"><\/div>\n\t\t<\/div>\n\t\t\t\t\t\t<\/div>\n\t\t\t\t<\/div>\n\t\t\t\t<div class=\"elementor-element elementor-element-d0bf118 elementor-widget__width-initial elementor-widget elementor-widget-text-editor\" data-id=\"d0bf118\" data-element_type=\"widget\" data-widget_type=\"text-editor.default\">\n\t\t\t\t<div class=\"elementor-widget-container\">\n\t\t\t\t\t\t\t\t\t<h3 style=\"text-align: center;\"><strong>Die Anmedlungen sind so gut wie geschlossen! Gerne trotzdem per Mail kontaktieren.<\/strong><\/h3><p style=\"text-align: center;\"><strong><span style=\"text-decoration: underline;\">Priority for the Weinsalon Nat\u00fcrel is given to:.<\/span><\/strong><\/p><p style=\"text-align: center;\">*Weing\u00fcter, die 100% Naturwein machen \/ Weing\u00fcter, die nicht 100% Naturwein machen.<\/p><p style=\"text-align: center;\">*Weing\u00fcter, die keinen Schwefelzusatz in ihre Weine machen \/ Weing\u00fcter, die Schwefelzusatz in ihre Weine machen.<\/p><p style=\"text-align: center;\">*Weing\u00fcter, die mindestens 15 000 Flaschen im Jahr machen \/ Weing\u00fcter, die weniger produzieren. (Ausnahme: Urban Wineries)<\/p><p style=\"text-align: center;\">*Die Menschen, die die Weine gemacht haben, sollen sie auch vorstellen. Keine Marketingagenten oder H\u00e4ndler.<\/p><p style=\"text-align: center;\"><strong><a href=\"https:\/\/docs.google.com\/forms\/d\/e\/1FAIpQLScmxrImiSMYc1TEpI6Bgea7rkpV6vRe5TTt1JO_oH_7Uva7HQ\/viewform?usp=sf_link\">Jetzt anmelden!<\/a><br \/><\/strong><\/p><p style=\"text-align: center;\"><span style=\"text-decoration: underline;\"><strong>Entscheidungen werden ab November 2023 getroffen.<\/strong><\/span><\/p><p style=\"text-align: center;\">Es gibt zwei Optionen:<\/p><p style=\"text-align: center;\">Weinsalon Nat\u00fcrel &#8211; Hauptmesse am Sa 9.+ So 10.03.2024<\/p><p style=\"text-align: center;\">Sunday special* &#8211; Sprungbrett nur am So 10.03.2024<\/p><p style=\"text-align: center;\">*Sunday Special ist f\u00fcr alle, die gerade mit Naturwein anfangen, noch in der Umstellung auf biologischen Anbau sind, den Priorit\u00e4ten vom Weinsalon noch nicht ganz entsprechen, aber auf dem Weg sind.<\/p><p style=\"text-align: center;\"><span style=\"text-decoration: underline;\"><strong>Wenn wir uns noch nicht kennen, gibt es eine kleine Casting Show in drei Schritten:<\/strong><\/span><\/p><p style=\"text-align: center;\">*Das Formular muss ausgef\u00fcllt werden.<\/p><p style=\"text-align: center;\">*Wir m\u00fcssen die Weine probieren.<\/p><p style=\"text-align: center;\">*Wir m\u00fcssen uns kennen lernen. Am Besten nat\u00fcrlich pers\u00f6nlich, sonst telefonieren wir ausf\u00fchrlich.<\/p><div>\u00a0<\/div><div>\u00a0<\/div>\t\t\t\t\t\t\t\t<\/div>\n\t\t\t\t<\/div>\n\t\t\t\t\t<\/div>\n\t\t<\/div>\n\t\t\t\t\t<\/div>\n\t\t<\/section>\n\t\t\t\t<\/div>","protected":false},"excerpt":{"rendered":"<p>Die Anmedlungen sind so gut wie geschlossen! Gerne trotzdem per Mail kontaktieren. Priorit\u00e4t f\u00fcr den Weinsalon Nat\u00fcrel haben: *Weing\u00fcter, die [&hellip;]<\/p>","protected":false},"author":1,"featured_media":0,"parent":0,"menu_order":0,"comment_status":"closed","ping_status":"closed","template":"","meta":{"site-sidebar-layout":"no-sidebar","site-content-layout":"page-builder","ast-site-content-layout":"default","site-content-style":"default","site-sidebar-style":"default","ast-global-header-display":"","ast-banner-title-visibility":"","ast-main-header-display":"","ast-hfb-above-header-display":"","ast-hfb-below-header-display":"","ast-hfb-mobile-header-display":"","site-post-title":"disabled","ast-breadcrumbs-content":"","ast-featured-img":"disabled","footer-sml-layout":"","theme-transparent-header-meta":"","adv-header-id-meta":"","stick-header-meta":"","header-above-stick-meta":"","header-main-stick-meta":"","header-below-stick-meta":"","astra-migrate-meta-layouts":"set","ast-page-background-enabled":"default","ast-page-background-meta":{"desktop":{"background-color":"var(--ast-global-color-4)","background-image":"","background-repeat":"repeat","background-position":"center center","background-size":"auto","background-attachment":"scroll","background-type":"","background-media":"","overlay-type":"","overlay-color":"","overlay-opacity":"","overlay-gradient":""},"tablet":{"background-color":"","background-image":"","background-repeat":"repeat","background-position":"center center","background-size":"auto","background-attachment":"scroll","background-type":"","background-media":"","overlay-type":"","overlay-color":"","overlay-opacity":"","overlay-gradient":""},"mobile":{"background-color":"","background-image":"","background-repeat":"repeat","background-position":"center center","background-size":"auto","background-attachment":"scroll","background-type":"","background-media":"","overlay-type":"","overlay-color":"","overlay-opacity":"","overlay-gradient":""}},"ast-content-background-meta":{"desktop":{"background-color":"var(--ast-global-color-5)","background-image":"","background-repeat":"repeat","background-position":"center center","background-size":"auto","background-attachment":"scroll","background-type":"","background-media":"","overlay-type":"","overlay-color":"","overlay-opacity":"","overlay-gradient":""},"tablet":{"background-color":"var(--ast-global-color-5)","background-image":"","background-repeat":"repeat","background-position":"center center","background-size":"auto","background-attachment":"scroll","background-type":"","background-media":"","overlay-type":"","overlay-color":"","overlay-opacity":"","overlay-gradient":""},"mobile":{"background-color":"var(--ast-global-color-5)","background-image":"","background-repeat":"repeat","background-position":"center center","background-size":"auto","background-attachment":"scroll","background-type":"","background-media":"","overlay-type":"","overlay-color":"","overlay-opacity":"","overlay-gradient":""}},"footnotes":""},"class_list":["post-2695","page","type-page","status-publish","hentry"],"_links":{"self":[{"href":"https:\/\/www.weinsalonnaturel.com\/en\/wp-json\/wp\/v2\/pages\/2695","targetHints":{"allow":["GET"]}}],"collection":[{"href":"https:\/\/www.weinsalonnaturel.com\/en\/wp-json\/wp\/v2\/pages"}],"about":[{"href":"https:\/\/www.weinsalonnaturel.com\/en\/wp-json\/wp\/v2\/types\/page"}],"author":[{"embeddable":true,"href":"https:\/\/www.weinsalonnaturel.com\/en\/wp-json\/wp\/v2\/users\/1"}],"replies":[{"embeddable":true,"href":"https:\/\/www.weinsalonnaturel.com\/en\/wp-json\/wp\/v2\/comments?post=2695"}],"version-history":[{"count":0,"href":"https:\/\/www.weinsalonnaturel.com\/en\/wp-json\/wp\/v2\/pages\/2695\/revisions"}],"wp:attachment":[{"href":"https:\/\/www.weinsalonnaturel.com\/en\/wp-json\/wp\/v2\/media?parent=2695"}],"curies":[{"name":"wp","href":"https:\/\/api.w.org\/{rel}","templated":true}]}}