{"id":227,"date":"2022-02-26T01:30:26","date_gmt":"2022-02-26T00:30:26","guid":{"rendered":"https:\/\/www.weinsalonnaturel.com\/?page_id=227"},"modified":"2025-10-24T15:56:38","modified_gmt":"2025-10-24T13:56:38","slug":"weinsalon-natuerel","status":"publish","type":"page","link":"https:\/\/www.weinsalonnaturel.com\/en\/","title":{"rendered":"Weinsalon Nat\u00fcrel"},"content":{"rendered":"<div data-elementor-type=\"wp-page\" data-elementor-id=\"227\" class=\"elementor elementor-227\">\n\t\t\t\t\t\t<section class=\"elementor-section elementor-top-section elementor-element elementor-element-4c94645 elementor-section-boxed elementor-section-height-default elementor-section-height-default\" data-id=\"4c94645\" data-element_type=\"section\">\n\t\t\t\t\t\t<div class=\"elementor-container elementor-column-gap-default\">\n\t\t\t\t\t<div class=\"elementor-column elementor-col-100 elementor-top-column elementor-element elementor-element-2703baa\" data-id=\"2703baa\" data-element_type=\"column\">\n\t\t\t<div class=\"elementor-widget-wrap elementor-element-populated\">\n\t\t\t\t\t\t<div class=\"elementor-element elementor-element-7cf50a7 elementor-widget elementor-widget-heading\" data-id=\"7cf50a7\" data-element_type=\"widget\" data-widget_type=\"heading.default\">\n\t\t\t\t<div class=\"elementor-widget-container\">\n\t\t\t\t\t<h2 class=\"elementor-heading-title elementor-size-default\">Save the date for #10 - 14.+15.03.2026<\/h2>\t\t\t\t<\/div>\n\t\t\t\t<\/div>\n\t\t\t\t\t<\/div>\n\t\t<\/div>\n\t\t\t\t\t<\/div>\n\t\t<\/section>\n\t\t<div class=\"elementor-element elementor-element-abd8a3e e-flex e-con-boxed e-con e-parent\" data-id=\"abd8a3e\" data-element_type=\"container\">\n\t\t\t\t\t<div class=\"e-con-inner\">\n\t\t<div class=\"elementor-element elementor-element-125ec6d e-con-full e-flex e-con e-child\" data-id=\"125ec6d\" data-element_type=\"container\">\n\t\t\t\t<div class=\"elementor-element elementor-element-a50a7b9 elementor-widget elementor-widget-image\" data-id=\"a50a7b9\" data-element_type=\"widget\" data-widget_type=\"image.default\">\n\t\t\t\t<div class=\"elementor-widget-container\">\n\t\t\t\t\t\t\t\t\t\t\t\t\t\t\t<img fetchpriority=\"high\" decoding=\"async\" width=\"730\" height=\"1024\" src=\"https:\/\/www.weinsalonnaturel.com\/wp-content\/uploads\/2025\/10\/LOGO_WSN2026WWW-730x1024.jpg\" class=\"attachment-large size-large wp-image-8901\" alt=\"\" srcset=\"https:\/\/www.weinsalonnaturel.com\/wp-content\/uploads\/2025\/10\/LOGO_WSN2026WWW-730x1024.jpg 730w, https:\/\/www.weinsalonnaturel.com\/wp-content\/uploads\/2025\/10\/LOGO_WSN2026WWW-214x300.jpg 214w, https:\/\/www.weinsalonnaturel.com\/wp-content\/uploads\/2025\/10\/LOGO_WSN2026WWW-768x1077.jpg 768w, https:\/\/www.weinsalonnaturel.com\/wp-content\/uploads\/2025\/10\/LOGO_WSN2026WWW-9x12.jpg 9w, https:\/\/www.weinsalonnaturel.com\/wp-content\/uploads\/2025\/10\/LOGO_WSN2026WWW.jpg 886w\" sizes=\"(max-width: 730px) 100vw, 730px\" \/>\t\t\t\t\t\t\t\t\t\t\t\t\t\t\t<\/div>\n\t\t\t\t<\/div>\n\t\t\t\t<\/div>\n\t\t<div class=\"elementor-element elementor-element-6176b0d e-con-full e-flex e-con e-child\" data-id=\"6176b0d\" data-element_type=\"container\">\n\t\t\t\t<div class=\"elementor-element elementor-element-f305f5e elementor-widget elementor-widget-text-editor\" data-id=\"f305f5e\" data-element_type=\"widget\" data-widget_type=\"text-editor.default\">\n\t\t\t\t<div class=\"elementor-widget-container\">\n\t\t\t\t\t\t\t\t\t<p>Weinsalon Nat\u00fcrel #10: On March 14 and 15. 2026, we will present 74 wineries from all over Europe at the Balloni in Cologne Ehrenfeld. We will be offering an exclusive time slot on saturday for trade visitors of the event from 11 am to 2 pm. The trade fair will then also be open to private visitors from 2 pm. Sunday is open for everybody.<\/p><p>Wie im vergangenen Jahr gibt es auch 2026 wieder eine kleine Erweiterung unserer Messe durch das Sunday Special am 15. M\u00e4rz. Freut euch auf mindestens 20 zus\u00e4tzliche Weing\u00fcter, die die Anforderungen f\u00fcr die Hauptmesse noch nicht ganz erf\u00fcllen konnten, die wir aber dennoch unterst\u00fctzen und f\u00f6rdern wollen.<\/p><p>Entry is 23\u20ac + 2\u20ac glass deposit at the cashdesk or in the <a href=\"https:\/\/weinsalonnaturel.ticket.io\/KN0RekRz\/?\" target=\"_blank\" rel=\"noopener\">Vorverkauf.<\/a><\/p>\t\t\t\t\t\t\t\t<\/div>\n\t\t\t\t<\/div>\n\t\t\t\t<\/div>\n\t\t\t\t\t<\/div>\n\t\t\t\t<\/div>\n\t\t\t\t<\/div>","protected":false},"excerpt":{"rendered":"<p>Save the date for #10 &#8211; 14.+15.03.2026 Weinsalon Nat\u00fcrel #10: Am 14. und 15. M\u00e4rz 2026 pr\u00e4sentieren wir im Balloni [&hellip;]<\/p>","protected":false},"author":1,"featured_media":0,"parent":0,"menu_order":0,"comment_status":"closed","ping_status":"closed","template":"","meta":{"site-sidebar-layout":"no-sidebar","site-content-layout":"page-builder","ast-site-content-layout":"full-width-container","site-content-style":"unboxed","site-sidebar-style":"unboxed","ast-global-header-display":"","ast-banner-title-visibility":"","ast-main-header-display":"enabled","ast-hfb-above-header-display":"","ast-hfb-below-header-display":"","ast-hfb-mobile-header-display":"","site-post-title":"disabled","ast-breadcrumbs-content":"","ast-featured-img":"disabled","footer-sml-layout":"enabled","theme-transparent-header-meta":"","adv-header-id-meta":"","stick-header-meta":"","header-above-stick-meta":"","header-main-stick-meta":"","header-below-stick-meta":"","astra-migrate-meta-layouts":"set","ast-page-background-enabled":"default","ast-page-background-meta":{"desktop":{"background-color":"var(--ast-global-color-4)","background-image":"","background-repeat":"repeat","background-position":"center center","background-size":"auto","background-attachment":"scroll","background-type":"","background-media":"","overlay-type":"","overlay-color":"","overlay-opacity":"","overlay-gradient":""},"tablet":{"background-color":"","background-image":"","background-repeat":"repeat","background-position":"center center","background-size":"auto","background-attachment":"scroll","background-type":"","background-media":"","overlay-type":"","overlay-color":"","overlay-opacity":"","overlay-gradient":""},"mobile":{"background-color":"","background-image":"","background-repeat":"repeat","background-position":"center center","background-size":"auto","background-attachment":"scroll","background-type":"","background-media":"","overlay-type":"","overlay-color":"","overlay-opacity":"","overlay-gradient":""}},"ast-content-background-meta":{"desktop":{"background-color":"var(--ast-global-color-5)","background-image":"","background-repeat":"repeat","background-position":"center center","background-size":"auto","background-attachment":"scroll","background-type":"","background-media":"","overlay-type":"","overlay-color":"","overlay-opacity":"","overlay-gradient":""},"tablet":{"background-color":"var(--ast-global-color-5)","background-image":"","background-repeat":"repeat","background-position":"center center","background-size":"auto","background-attachment":"scroll","background-type":"","background-media":"","overlay-type":"","overlay-color":"","overlay-opacity":"","overlay-gradient":""},"mobile":{"background-color":"var(--ast-global-color-5)","background-image":"","background-repeat":"repeat","background-position":"center center","background-size":"auto","background-attachment":"scroll","background-type":"","background-media":"","overlay-type":"","overlay-color":"","overlay-opacity":"","overlay-gradient":""}},"footnotes":""},"class_list":["post-227","page","type-page","status-publish","hentry"],"_links":{"self":[{"href":"https:\/\/www.weinsalonnaturel.com\/en\/wp-json\/wp\/v2\/pages\/227","targetHints":{"allow":["GET"]}}],"collection":[{"href":"https:\/\/www.weinsalonnaturel.com\/en\/wp-json\/wp\/v2\/pages"}],"about":[{"href":"https:\/\/www.weinsalonnaturel.com\/en\/wp-json\/wp\/v2\/types\/page"}],"author":[{"embeddable":true,"href":"https:\/\/www.weinsalonnaturel.com\/en\/wp-json\/wp\/v2\/users\/1"}],"replies":[{"embeddable":true,"href":"https:\/\/www.weinsalonnaturel.com\/en\/wp-json\/wp\/v2\/comments?post=227"}],"version-history":[{"count":54,"href":"https:\/\/www.weinsalonnaturel.com\/en\/wp-json\/wp\/v2\/pages\/227\/revisions"}],"predecessor-version":[{"id":8919,"href":"https:\/\/www.weinsalonnaturel.com\/en\/wp-json\/wp\/v2\/pages\/227\/revisions\/8919"}],"wp:attachment":[{"href":"https:\/\/www.weinsalonnaturel.com\/en\/wp-json\/wp\/v2\/media?parent=227"}],"curies":[{"name":"wp","href":"https:\/\/api.w.org\/{rel}","templated":true}]}}