{"id":2167,"date":"2024-10-03T14:25:08","date_gmt":"2024-10-03T12:25:08","guid":{"rendered":"https:\/\/www.weinsalonnaturel.com\/?page_id=2167"},"modified":"2026-02-09T16:09:04","modified_gmt":"2026-02-09T15:09:04","slug":"bioweingut-lehner","status":"publish","type":"page","link":"https:\/\/www.weinsalonnaturel.com\/en\/bioweingut-lehner\/","title":{"rendered":"BioWeinGut Lehner"},"content":{"rendered":"<div data-elementor-type=\"wp-page\" data-elementor-id=\"2167\" class=\"elementor elementor-2167\">\n\t\t\t\t\t\t<section class=\"elementor-section elementor-top-section elementor-element elementor-element-e628bb3 elementor-section-boxed elementor-section-height-default elementor-section-height-default\" data-id=\"e628bb3\" data-element_type=\"section\">\n\t\t\t\t\t\t<div class=\"elementor-container elementor-column-gap-default\">\n\t\t\t\t\t<div class=\"elementor-column elementor-col-100 elementor-top-column elementor-element elementor-element-3b825ce\" data-id=\"3b825ce\" data-element_type=\"column\">\n\t\t\t<div class=\"elementor-widget-wrap elementor-element-populated\">\n\t\t\t\t\t\t<div class=\"elementor-element elementor-element-8c19254 elementor-widget elementor-widget-image\" data-id=\"8c19254\" data-element_type=\"widget\" data-widget_type=\"image.default\">\n\t\t\t\t<div class=\"elementor-widget-container\">\n\t\t\t\t\t\t\t\t\t\t\t\t\t\t\t<img decoding=\"async\" src=\"https:\/\/www.weinsalonnaturel.com\/wp-content\/uploads\/2023\/03\/Lehner.jpg\" title=\"\" alt=\"\" loading=\"lazy\" \/>\t\t\t\t\t\t\t\t\t\t\t\t\t\t\t<\/div>\n\t\t\t\t<\/div>\n\t\t\t\t\t<\/div>\n\t\t<\/div>\n\t\t\t\t\t<\/div>\n\t\t<\/section>\n\t\t\t\t<section class=\"elementor-section elementor-top-section elementor-element elementor-element-c36885f elementor-section-boxed elementor-section-height-default elementor-section-height-default\" data-id=\"c36885f\" data-element_type=\"section\">\n\t\t\t\t\t\t<div class=\"elementor-container elementor-column-gap-default\">\n\t\t\t\t\t<div class=\"elementor-column elementor-col-100 elementor-top-column elementor-element elementor-element-3439433\" data-id=\"3439433\" data-element_type=\"column\">\n\t\t\t<div class=\"elementor-widget-wrap elementor-element-populated\">\n\t\t\t\t\t\t<div class=\"elementor-element elementor-element-884c35e elementor-widget elementor-widget-heading\" data-id=\"884c35e\" data-element_type=\"widget\" data-widget_type=\"heading.default\">\n\t\t\t\t<div class=\"elementor-widget-container\">\n\t\t\t\t\t<h2 class=\"elementor-heading-title elementor-size-default\">BioWeinGut Lehner<\/h2>\t\t\t\t<\/div>\n\t\t\t\t<\/div>\n\t\t\t\t\t<\/div>\n\t\t<\/div>\n\t\t\t\t\t<\/div>\n\t\t<\/section>\n\t\t<div class=\"elementor-element elementor-element-c4084a1 e-flex e-con-boxed e-con e-parent\" data-id=\"c4084a1\" data-element_type=\"container\">\n\t\t\t\t\t<div class=\"e-con-inner\">\n\t\t\t\t<div class=\"elementor-element elementor-element-c520eef elementor-widget elementor-widget-text-editor\" data-id=\"c520eef\" data-element_type=\"widget\" data-widget_type=\"text-editor.default\">\n\t\t\t\t<div class=\"elementor-widget-container\">\n\t\t\t\t\t\t\t\t\t<p><strong>Because we don't think it's necessary to add anything to hand-picked grapes from well-tended vineyards, because wines should be wholesome and drinkable.<\/strong><\/p>\t\t\t\t\t\t\t\t<\/div>\n\t\t\t\t<\/div>\n\t\t\t\t\t<\/div>\n\t\t\t\t<\/div>\n\t\t<div class=\"elementor-element elementor-element-8b21abd e-flex e-con-boxed e-con e-parent\" data-id=\"8b21abd\" data-element_type=\"container\">\n\t\t\t\t\t<div class=\"e-con-inner\">\n\t\t<div class=\"elementor-element elementor-element-95f4cad e-con-full e-flex e-con e-child\" data-id=\"95f4cad\" data-element_type=\"container\">\n\t\t\t\t<div class=\"elementor-element elementor-element-b10b7b3 elementor-widget elementor-widget-image\" data-id=\"b10b7b3\" data-element_type=\"widget\" data-widget_type=\"image.default\">\n\t\t\t\t<div class=\"elementor-widget-container\">\n\t\t\t\t\t\t\t\t\t\t\t\t<figure class=\"wp-caption\">\n\t\t\t\t\t\t\t\t\t\t\t<a href=\"https:\/\/www.weinsalonnaturel.com\/wp-content\/uploads\/2026\/02\/LehnerSteckbriefWSN26.jpg\" data-elementor-open-lightbox=\"yes\" data-elementor-lightbox-title=\"LehnerSteckbriefWSN26\" data-e-action-hash=\"#elementor-action%3Aaction%3Dlightbox%26settings%3DeyJpZCI6MTAxNTAsInVybCI6Imh0dHBzOlwvXC93d3cud2VpbnNhbG9ubmF0dXJlbC5jb21cL3dwLWNvbnRlbnRcL3VwbG9hZHNcLzIwMjZcLzAyXC9MZWhuZXJTdGVja2JyaWVmV1NOMjYuanBnIn0%3D\">\n\t\t\t\t\t\t\t<img fetchpriority=\"high\" decoding=\"async\" width=\"727\" height=\"1024\" src=\"https:\/\/www.weinsalonnaturel.com\/wp-content\/uploads\/2026\/02\/LehnerSteckbriefWSN26-727x1024.jpg\" class=\"attachment-large size-large wp-image-10150\" alt=\"\" srcset=\"https:\/\/www.weinsalonnaturel.com\/wp-content\/uploads\/2026\/02\/LehnerSteckbriefWSN26-727x1024.jpg 727w, https:\/\/www.weinsalonnaturel.com\/wp-content\/uploads\/2026\/02\/LehnerSteckbriefWSN26-213x300.jpg 213w, https:\/\/www.weinsalonnaturel.com\/wp-content\/uploads\/2026\/02\/LehnerSteckbriefWSN26-768x1082.jpg 768w, https:\/\/www.weinsalonnaturel.com\/wp-content\/uploads\/2026\/02\/LehnerSteckbriefWSN26-1090x1536.jpg 1090w, https:\/\/www.weinsalonnaturel.com\/wp-content\/uploads\/2026\/02\/LehnerSteckbriefWSN26-9x12.jpg 9w, https:\/\/www.weinsalonnaturel.com\/wp-content\/uploads\/2026\/02\/LehnerSteckbriefWSN26.jpg 1241w\" sizes=\"(max-width: 727px) 100vw, 727px\" \/>\t\t\t\t\t\t\t\t<\/a>\n\t\t\t\t\t\t\t\t\t\t\t<figcaption class=\"widget-image-caption wp-caption-text\">2026<\/figcaption>\n\t\t\t\t\t\t\t\t\t\t<\/figure>\n\t\t\t\t\t\t\t\t\t<\/div>\n\t\t\t\t<\/div>\n\t\t\t\t<\/div>\n\t\t<div class=\"elementor-element elementor-element-33a16d0 e-con-full e-flex e-con e-child\" data-id=\"33a16d0\" data-element_type=\"container\">\n\t\t\t\t<div class=\"elementor-element elementor-element-c4b71b7 elementor-widget elementor-widget-image\" data-id=\"c4b71b7\" data-element_type=\"widget\" data-widget_type=\"image.default\">\n\t\t\t\t<div class=\"elementor-widget-container\">\n\t\t\t\t\t\t\t\t\t\t\t\t<figure class=\"wp-caption\">\n\t\t\t\t\t\t\t\t\t\t\t<a href=\"https:\/\/www.weinsalonnaturel.com\/wp-content\/uploads\/2025\/02\/Weingut-LehnerAlleSteckbriefeWSN25-scaled.jpg\" data-elementor-open-lightbox=\"yes\" data-elementor-lightbox-title=\"Weingut LehnerAlleSteckbriefeWSN25\" data-e-action-hash=\"#elementor-action%3Aaction%3Dlightbox%26settings%3DeyJpZCI6ODQ4MSwidXJsIjoiaHR0cHM6XC9cL3d3dy53ZWluc2Fsb25uYXR1cmVsLmNvbVwvd3AtY29udGVudFwvdXBsb2Fkc1wvMjAyNVwvMDJcL1dlaW5ndXQtTGVobmVyQWxsZVN0ZWNrYnJpZWZlV1NOMjUtc2NhbGVkLmpwZyJ9\">\n\t\t\t\t\t\t\t<img decoding=\"async\" width=\"724\" height=\"1024\" src=\"https:\/\/www.weinsalonnaturel.com\/wp-content\/uploads\/2025\/02\/Weingut-LehnerAlleSteckbriefeWSN25-724x1024.jpg\" class=\"attachment-large size-large wp-image-8481\" alt=\"\" srcset=\"https:\/\/www.weinsalonnaturel.com\/wp-content\/uploads\/2025\/02\/Weingut-LehnerAlleSteckbriefeWSN25-724x1024.jpg 724w, https:\/\/www.weinsalonnaturel.com\/wp-content\/uploads\/2025\/02\/Weingut-LehnerAlleSteckbriefeWSN25-212x300.jpg 212w, https:\/\/www.weinsalonnaturel.com\/wp-content\/uploads\/2025\/02\/Weingut-LehnerAlleSteckbriefeWSN25-768x1087.jpg 768w, https:\/\/www.weinsalonnaturel.com\/wp-content\/uploads\/2025\/02\/Weingut-LehnerAlleSteckbriefeWSN25-1085x1536.jpg 1085w, https:\/\/www.weinsalonnaturel.com\/wp-content\/uploads\/2025\/02\/Weingut-LehnerAlleSteckbriefeWSN25-1447x2048.jpg 1447w, https:\/\/www.weinsalonnaturel.com\/wp-content\/uploads\/2025\/02\/Weingut-LehnerAlleSteckbriefeWSN25-8x12.jpg 8w, https:\/\/www.weinsalonnaturel.com\/wp-content\/uploads\/2025\/02\/Weingut-LehnerAlleSteckbriefeWSN25-scaled.jpg 1809w\" sizes=\"(max-width: 724px) 100vw, 724px\" \/>\t\t\t\t\t\t\t\t<\/a>\n\t\t\t\t\t\t\t\t\t\t\t<figcaption class=\"widget-image-caption wp-caption-text\">2025<\/figcaption>\n\t\t\t\t\t\t\t\t\t\t<\/figure>\n\t\t\t\t\t\t\t\t\t<\/div>\n\t\t\t\t<\/div>\n\t\t\t\t<\/div>\n\t\t<div class=\"elementor-element elementor-element-0ccd269 e-con-full e-flex e-con e-child\" data-id=\"0ccd269\" data-element_type=\"container\">\n\t\t\t\t<div class=\"elementor-element elementor-element-a9aaa5d elementor-widget elementor-widget-image\" data-id=\"a9aaa5d\" data-element_type=\"widget\" data-widget_type=\"image.default\">\n\t\t\t\t<div class=\"elementor-widget-container\">\n\t\t\t\t\t\t\t\t\t\t\t\t<figure class=\"wp-caption\">\n\t\t\t\t\t\t\t\t\t\t\t<a href=\"https:\/\/www.weinsalonnaturel.com\/wp-content\/uploads\/2025\/01\/Weinsalon24_Steckbriefe_final_weingut-lehner-1-1152x2048-1.jpg\" data-elementor-open-lightbox=\"yes\" data-elementor-lightbox-title=\"Weinsalon24_Steckbriefe_final_weingut-lehner-1-1152x2048\" data-e-action-hash=\"#elementor-action%3Aaction%3Dlightbox%26settings%3DeyJpZCI6NzU2NywidXJsIjoiaHR0cHM6XC9cL3d3dy53ZWluc2Fsb25uYXR1cmVsLmNvbVwvd3AtY29udGVudFwvdXBsb2Fkc1wvMjAyNVwvMDFcL1dlaW5zYWxvbjI0X1N0ZWNrYnJpZWZlX2ZpbmFsX3dlaW5ndXQtbGVobmVyLTEtMTE1MngyMDQ4LTEuanBnIn0%3D\">\n\t\t\t\t\t\t\t<img decoding=\"async\" width=\"576\" height=\"1024\" src=\"https:\/\/www.weinsalonnaturel.com\/wp-content\/uploads\/2025\/01\/Weinsalon24_Steckbriefe_final_weingut-lehner-1-1152x2048-1-576x1024.jpg\" class=\"attachment-large size-large wp-image-7567\" alt=\"\" srcset=\"https:\/\/www.weinsalonnaturel.com\/wp-content\/uploads\/2025\/01\/Weinsalon24_Steckbriefe_final_weingut-lehner-1-1152x2048-1-576x1024.jpg 576w, https:\/\/www.weinsalonnaturel.com\/wp-content\/uploads\/2025\/01\/Weinsalon24_Steckbriefe_final_weingut-lehner-1-1152x2048-1-169x300.jpg 169w, https:\/\/www.weinsalonnaturel.com\/wp-content\/uploads\/2025\/01\/Weinsalon24_Steckbriefe_final_weingut-lehner-1-1152x2048-1-768x1365.jpg 768w, https:\/\/www.weinsalonnaturel.com\/wp-content\/uploads\/2025\/01\/Weinsalon24_Steckbriefe_final_weingut-lehner-1-1152x2048-1-864x1536.jpg 864w, https:\/\/www.weinsalonnaturel.com\/wp-content\/uploads\/2025\/01\/Weinsalon24_Steckbriefe_final_weingut-lehner-1-1152x2048-1-7x12.jpg 7w, https:\/\/www.weinsalonnaturel.com\/wp-content\/uploads\/2025\/01\/Weinsalon24_Steckbriefe_final_weingut-lehner-1-1152x2048-1.jpg 1152w\" sizes=\"(max-width: 576px) 100vw, 576px\" \/>\t\t\t\t\t\t\t\t<\/a>\n\t\t\t\t\t\t\t\t\t\t\t<figcaption class=\"widget-image-caption wp-caption-text\">2024<\/figcaption>\n\t\t\t\t\t\t\t\t\t\t<\/figure>\n\t\t\t\t\t\t\t\t\t<\/div>\n\t\t\t\t<\/div>\n\t\t\t\t<\/div>\n\t\t<div class=\"elementor-element elementor-element-72564ce e-con-full e-flex e-con e-child\" data-id=\"72564ce\" data-element_type=\"container\">\n\t\t\t\t<div class=\"elementor-element elementor-element-1784866 elementor-widget elementor-widget-image\" data-id=\"1784866\" data-element_type=\"widget\" data-widget_type=\"image.default\">\n\t\t\t\t<div class=\"elementor-widget-container\">\n\t\t\t\t\t\t\t\t\t\t\t\t<figure class=\"wp-caption\">\n\t\t\t\t\t\t\t\t\t\t\t<a href=\"https:\/\/www.weinsalonnaturel.com\/wp-content\/uploads\/2025\/01\/Lehner-WEINSALON_QUARTUeREL_59x91mm_VORDERSEITEN-verschoben-5-Kopie.jpg\" data-elementor-open-lightbox=\"yes\" data-elementor-lightbox-title=\"Lehner WEINSALON_QUARTU\u0308REL_59x91mm_VORDERSEITEN (verschoben) 5 Kopie\" data-e-action-hash=\"#elementor-action%3Aaction%3Dlightbox%26settings%3DeyJpZCI6NzQyOCwidXJsIjoiaHR0cHM6XC9cL3d3dy53ZWluc2Fsb25uYXR1cmVsLmNvbVwvd3AtY29udGVudFwvdXBsb2Fkc1wvMjAyNVwvMDFcL0xlaG5lci1XRUlOU0FMT05fUVVBUlRVZVJFTF81OXg5MW1tX1ZPUkRFUlNFSVRFTi12ZXJzY2hvYmVuLTUtS29waWUuanBnIn0%3D\">\n\t\t\t\t\t\t\t<img loading=\"lazy\" decoding=\"async\" width=\"686\" height=\"1024\" src=\"https:\/\/www.weinsalonnaturel.com\/wp-content\/uploads\/2025\/01\/Lehner-WEINSALON_QUARTUeREL_59x91mm_VORDERSEITEN-verschoben-5-Kopie-686x1024.jpg\" class=\"attachment-large size-large wp-image-7428\" alt=\"\" srcset=\"https:\/\/www.weinsalonnaturel.com\/wp-content\/uploads\/2025\/01\/Lehner-WEINSALON_QUARTUeREL_59x91mm_VORDERSEITEN-verschoben-5-Kopie-686x1024.jpg 686w, https:\/\/www.weinsalonnaturel.com\/wp-content\/uploads\/2025\/01\/Lehner-WEINSALON_QUARTUeREL_59x91mm_VORDERSEITEN-verschoben-5-Kopie-201x300.jpg 201w, https:\/\/www.weinsalonnaturel.com\/wp-content\/uploads\/2025\/01\/Lehner-WEINSALON_QUARTUeREL_59x91mm_VORDERSEITEN-verschoben-5-Kopie-8x12.jpg 8w, https:\/\/www.weinsalonnaturel.com\/wp-content\/uploads\/2025\/01\/Lehner-WEINSALON_QUARTUeREL_59x91mm_VORDERSEITEN-verschoben-5-Kopie.jpg 767w\" sizes=\"(max-width: 686px) 100vw, 686px\" \/>\t\t\t\t\t\t\t\t<\/a>\n\t\t\t\t\t\t\t\t\t\t\t<figcaption class=\"widget-image-caption wp-caption-text\">2023<\/figcaption>\n\t\t\t\t\t\t\t\t\t\t<\/figure>\n\t\t\t\t\t\t\t\t\t<\/div>\n\t\t\t\t<\/div>\n\t\t\t\t<\/div>\n\t\t\t\t\t<\/div>\n\t\t\t\t<\/div>\n\t\t\t\t<\/div>","protected":false},"excerpt":{"rendered":"<p>BioWeinGut Lehner Weil wir es nicht f\u00fcr n\u00f6tig halten zu handverlesenen Trauben, aus gut gepflegten Weing\u00e4rten, irgentetwas dazuzumischen, weil die [&hellip;]<\/p>","protected":false},"author":1,"featured_media":0,"parent":0,"menu_order":0,"comment_status":"closed","ping_status":"closed","template":"","meta":{"site-sidebar-layout":"no-sidebar","site-content-layout":"page-builder","ast-site-content-layout":"full-width-container","site-content-style":"unboxed","site-sidebar-style":"unboxed","ast-global-header-display":"","ast-banner-title-visibility":"","ast-main-header-display":"","ast-hfb-above-header-display":"","ast-hfb-below-header-display":"","ast-hfb-mobile-header-display":"","site-post-title":"disabled","ast-breadcrumbs-content":"","ast-featured-img":"disabled","footer-sml-layout":"","theme-transparent-header-meta":"","adv-header-id-meta":"","stick-header-meta":"","header-above-stick-meta":"","header-main-stick-meta":"","header-below-stick-meta":"","astra-migrate-meta-layouts":"set","ast-page-background-enabled":"default","ast-page-background-meta":{"desktop":{"background-color":"var(--ast-global-color-4)","background-image":"","background-repeat":"repeat","background-position":"center center","background-size":"auto","background-attachment":"scroll","background-type":"","background-media":"","overlay-type":"","overlay-color":"","overlay-opacity":"","overlay-gradient":""},"tablet":{"background-color":"","background-image":"","background-repeat":"repeat","background-position":"center center","background-size":"auto","background-attachment":"scroll","background-type":"","background-media":"","overlay-type":"","overlay-color":"","overlay-opacity":"","overlay-gradient":""},"mobile":{"background-color":"","background-image":"","background-repeat":"repeat","background-position":"center center","background-size":"auto","background-attachment":"scroll","background-type":"","background-media":"","overlay-type":"","overlay-color":"","overlay-opacity":"","overlay-gradient":""}},"ast-content-background-meta":{"desktop":{"background-color":"var(--ast-global-color-5)","background-image":"","background-repeat":"repeat","background-position":"center center","background-size":"auto","background-attachment":"scroll","background-type":"","background-media":"","overlay-type":"","overlay-color":"","overlay-opacity":"","overlay-gradient":""},"tablet":{"background-color":"var(--ast-global-color-5)","background-image":"","background-repeat":"repeat","background-position":"center center","background-size":"auto","background-attachment":"scroll","background-type":"","background-media":"","overlay-type":"","overlay-color":"","overlay-opacity":"","overlay-gradient":""},"mobile":{"background-color":"var(--ast-global-color-5)","background-image":"","background-repeat":"repeat","background-position":"center center","background-size":"auto","background-attachment":"scroll","background-type":"","background-media":"","overlay-type":"","overlay-color":"","overlay-opacity":"","overlay-gradient":""}},"footnotes":""},"class_list":["post-2167","page","type-page","status-publish","hentry"],"_links":{"self":[{"href":"https:\/\/www.weinsalonnaturel.com\/en\/wp-json\/wp\/v2\/pages\/2167","targetHints":{"allow":["GET"]}}],"collection":[{"href":"https:\/\/www.weinsalonnaturel.com\/en\/wp-json\/wp\/v2\/pages"}],"about":[{"href":"https:\/\/www.weinsalonnaturel.com\/en\/wp-json\/wp\/v2\/types\/page"}],"author":[{"embeddable":true,"href":"https:\/\/www.weinsalonnaturel.com\/en\/wp-json\/wp\/v2\/users\/1"}],"replies":[{"embeddable":true,"href":"https:\/\/www.weinsalonnaturel.com\/en\/wp-json\/wp\/v2\/comments?post=2167"}],"version-history":[{"count":13,"href":"https:\/\/www.weinsalonnaturel.com\/en\/wp-json\/wp\/v2\/pages\/2167\/revisions"}],"predecessor-version":[{"id":10301,"href":"https:\/\/www.weinsalonnaturel.com\/en\/wp-json\/wp\/v2\/pages\/2167\/revisions\/10301"}],"wp:attachment":[{"href":"https:\/\/www.weinsalonnaturel.com\/en\/wp-json\/wp\/v2\/media?parent=2167"}],"curies":[{"name":"wp","href":"https:\/\/api.w.org\/{rel}","templated":true}]}}