{"id":10628,"date":"2026-03-06T14:47:01","date_gmt":"2026-03-06T13:47:01","guid":{"rendered":"https:\/\/www.weinsalonnaturel.com\/?page_id=10628"},"modified":"2026-03-06T15:18:07","modified_gmt":"2026-03-06T14:18:07","slug":"glaeser-fuer-weinmessen","status":"publish","type":"page","link":"https:\/\/www.weinsalonnaturel.com\/en\/glaeser-fuer-weinmessen\/","title":{"rendered":"Glasses for winefairs"},"content":{"rendered":"<div data-elementor-type=\"wp-page\" data-elementor-id=\"10628\" class=\"elementor elementor-10628\">\n\t\t\t\t<div class=\"elementor-element elementor-element-200e294 e-flex e-con-boxed e-con e-parent\" data-id=\"200e294\" data-element_type=\"container\">\n\t\t\t\t\t<div class=\"e-con-inner\">\n\t\t\t\t<div class=\"elementor-element elementor-element-1831884 elementor-widget elementor-widget-heading\" data-id=\"1831884\" data-element_type=\"widget\" data-widget_type=\"heading.default\">\n\t\t\t\t<div class=\"elementor-widget-container\">\n\t\t\t\t\t<h2 class=\"elementor-heading-title elementor-size-default\">Glasses for winefairs<\/h2>\t\t\t\t<\/div>\n\t\t\t\t<\/div>\n\t\t\t\t\t<\/div>\n\t\t\t\t<\/div>\n\t\t<div class=\"elementor-element elementor-element-869335b e-flex e-con-boxed e-con e-parent\" data-id=\"869335b\" data-element_type=\"container\">\n\t\t\t\t\t<div class=\"e-con-inner\">\n\t\t\t\t<div class=\"elementor-element elementor-element-457eb9d elementor-widget elementor-widget-text-editor\" data-id=\"457eb9d\" data-element_type=\"widget\" data-widget_type=\"text-editor.default\">\n\t\t\t\t<div class=\"elementor-widget-container\">\n\t\t\t\t\t\t\t\t\t<p>This is unpaid advertising for great companies with whom we have enjoyed excellent cooperation over the years.\nAll items can be printed with your logo.<br \/>Alle k\u00f6nnen mit eurem Logo bedruckt werden.<\/p>\t\t\t\t\t\t\t\t<\/div>\n\t\t\t\t<\/div>\n\t\t\t\t\t<\/div>\n\t\t\t\t<\/div>\n\t\t<div class=\"elementor-element elementor-element-6e20ea0 e-flex e-con-boxed e-con e-parent\" data-id=\"6e20ea0\" data-element_type=\"container\">\n\t\t\t\t\t<div class=\"e-con-inner\">\n\t\t<div class=\"elementor-element elementor-element-a38bd9f e-con-full e-flex e-con e-child\" data-id=\"a38bd9f\" data-element_type=\"container\">\n\t\t\t\t<div class=\"elementor-element elementor-element-dea06c5 elementor-widget elementor-widget-text-editor\" data-id=\"dea06c5\" data-element_type=\"widget\" data-widget_type=\"text-editor.default\">\n\t\t\t\t<div class=\"elementor-widget-container\">\n\t\t\t\t\t\t\t\t\t<h5><strong>Verreries de Bourgogne &#8211; Verrissimo<\/strong><\/h5>\t\t\t\t\t\t\t\t<\/div>\n\t\t\t\t<\/div>\n\t\t\t\t<\/div>\n\t\t<div class=\"elementor-element elementor-element-346cd38 e-con-full e-flex e-con e-child\" data-id=\"346cd38\" data-element_type=\"container\">\n\t\t\t\t<\/div>\n\t\t<div class=\"elementor-element elementor-element-8bfd96d e-con-full e-flex e-con e-child\" data-id=\"8bfd96d\" data-element_type=\"container\">\n\t\t\t\t<\/div>\n\t\t<div class=\"elementor-element elementor-element-182af68 e-con-full e-flex e-con e-child\" data-id=\"182af68\" data-element_type=\"container\">\n\t\t\t\t<div class=\"elementor-element elementor-element-aa3d8f2 elementor-widget elementor-widget-image\" data-id=\"aa3d8f2\" data-element_type=\"widget\" data-widget_type=\"image.default\">\n\t\t\t\t<div class=\"elementor-widget-container\">\n\t\t\t\t\t\t\t\t\t\t\t\t<figure class=\"wp-caption\">\n\t\t\t\t\t\t\t\t\t\t\t<a href=\"https:\/\/www.verrissimo.fr\/produit\/favorit-26-cl\/\" target=\"_blank\">\n\t\t\t\t\t\t\t<img fetchpriority=\"high\" decoding=\"async\" width=\"251\" height=\"300\" src=\"https:\/\/www.weinsalonnaturel.com\/wp-content\/uploads\/2026\/03\/Bildschirmfoto-2026-03-06-um-14.41.58-251x300.png\" class=\"attachment-medium size-medium wp-image-10634\" alt=\"\" srcset=\"https:\/\/www.weinsalonnaturel.com\/wp-content\/uploads\/2026\/03\/Bildschirmfoto-2026-03-06-um-14.41.58-251x300.png 251w, https:\/\/www.weinsalonnaturel.com\/wp-content\/uploads\/2026\/03\/Bildschirmfoto-2026-03-06-um-14.41.58-768x919.png 768w, https:\/\/www.weinsalonnaturel.com\/wp-content\/uploads\/2026\/03\/Bildschirmfoto-2026-03-06-um-14.41.58-10x12.png 10w, https:\/\/www.weinsalonnaturel.com\/wp-content\/uploads\/2026\/03\/Bildschirmfoto-2026-03-06-um-14.41.58.png 844w\" sizes=\"(max-width: 251px) 100vw, 251px\" \/>\t\t\t\t\t\t\t\t<\/a>\n\t\t\t\t\t\t\t\t\t\t\t<figcaption class=\"widget-image-caption wp-caption-text\">Favorit - 26cl<\/figcaption>\n\t\t\t\t\t\t\t\t\t\t<\/figure>\n\t\t\t\t\t\t\t\t\t<\/div>\n\t\t\t\t<\/div>\n\t\t\t\t<\/div>\n\t\t<div class=\"elementor-element elementor-element-ee1e75c e-con-full e-flex e-con e-child\" data-id=\"ee1e75c\" data-element_type=\"container\">\n\t\t\t\t<div class=\"elementor-element elementor-element-a1c5ea3 elementor-widget elementor-widget-image\" data-id=\"a1c5ea3\" data-element_type=\"widget\" data-widget_type=\"image.default\">\n\t\t\t\t<div class=\"elementor-widget-container\">\n\t\t\t\t\t\t\t\t\t\t\t\t<figure class=\"wp-caption\">\n\t\t\t\t\t\t\t\t\t\t\t<a href=\"https:\/\/www.verrissimo.fr\/produit\/eole-26-cl\/\" target=\"_blank\">\n\t\t\t\t\t\t\t<img decoding=\"async\" width=\"183\" height=\"300\" src=\"https:\/\/www.weinsalonnaturel.com\/wp-content\/uploads\/2026\/03\/Bildschirmfoto-2026-03-06-um-14.43.24-183x300.png\" class=\"attachment-medium size-medium wp-image-10635\" alt=\"\" srcset=\"https:\/\/www.weinsalonnaturel.com\/wp-content\/uploads\/2026\/03\/Bildschirmfoto-2026-03-06-um-14.43.24-183x300.png 183w, https:\/\/www.weinsalonnaturel.com\/wp-content\/uploads\/2026\/03\/Bildschirmfoto-2026-03-06-um-14.43.24-7x12.png 7w, https:\/\/www.weinsalonnaturel.com\/wp-content\/uploads\/2026\/03\/Bildschirmfoto-2026-03-06-um-14.43.24.png 590w\" sizes=\"(max-width: 183px) 100vw, 183px\" \/>\t\t\t\t\t\t\t\t<\/a>\n\t\t\t\t\t\t\t\t\t\t\t<figcaption class=\"widget-image-caption wp-caption-text\">Eole - 26cl<\/figcaption>\n\t\t\t\t\t\t\t\t\t\t<\/figure>\n\t\t\t\t\t\t\t\t\t<\/div>\n\t\t\t\t<\/div>\n\t\t\t\t<\/div>\n\t\t<div class=\"elementor-element elementor-element-912197e e-con-full e-flex e-con e-child\" data-id=\"912197e\" data-element_type=\"container\">\n\t\t\t\t<div class=\"elementor-element elementor-element-b20f57f elementor-widget elementor-widget-image\" data-id=\"b20f57f\" data-element_type=\"widget\" data-widget_type=\"image.default\">\n\t\t\t\t<div class=\"elementor-widget-container\">\n\t\t\t\t\t\t\t\t\t\t\t\t<figure class=\"wp-caption\">\n\t\t\t\t\t\t\t\t\t\t\t<a href=\"https:\/\/www.verrissimo.fr\/produit\/sofia-26-cl\/\" target=\"_blank\">\n\t\t\t\t\t\t\t<img decoding=\"async\" width=\"217\" height=\"300\" src=\"https:\/\/www.weinsalonnaturel.com\/wp-content\/uploads\/2026\/03\/Bildschirmfoto-2026-03-06-um-14.44.09-217x300.png\" class=\"attachment-medium size-medium wp-image-10639\" alt=\"\" srcset=\"https:\/\/www.weinsalonnaturel.com\/wp-content\/uploads\/2026\/03\/Bildschirmfoto-2026-03-06-um-14.44.09-217x300.png 217w, https:\/\/www.weinsalonnaturel.com\/wp-content\/uploads\/2026\/03\/Bildschirmfoto-2026-03-06-um-14.44.09-9x12.png 9w, https:\/\/www.weinsalonnaturel.com\/wp-content\/uploads\/2026\/03\/Bildschirmfoto-2026-03-06-um-14.44.09.png 710w\" sizes=\"(max-width: 217px) 100vw, 217px\" \/>\t\t\t\t\t\t\t\t<\/a>\n\t\t\t\t\t\t\t\t\t\t\t<figcaption class=\"widget-image-caption wp-caption-text\">Sofia - 26cl<\/figcaption>\n\t\t\t\t\t\t\t\t\t\t<\/figure>\n\t\t\t\t\t\t\t\t\t<\/div>\n\t\t\t\t<\/div>\n\t\t\t\t<\/div>\n\t\t\t\t\t<\/div>\n\t\t\t\t<\/div>\n\t\t<div class=\"elementor-element elementor-element-2fe054d e-flex e-con-boxed e-con e-parent\" data-id=\"2fe054d\" data-element_type=\"container\">\n\t\t\t\t\t<div class=\"e-con-inner\">\n\t\t<div class=\"elementor-element elementor-element-b9fcbd3 e-con-full e-flex e-con e-child\" data-id=\"b9fcbd3\" data-element_type=\"container\">\n\t\t\t\t<div class=\"elementor-element elementor-element-caf0a7c elementor-widget elementor-widget-text-editor\" data-id=\"caf0a7c\" data-element_type=\"widget\" data-widget_type=\"text-editor.default\">\n\t\t\t\t<div class=\"elementor-widget-container\">\n\t\t\t\t\t\t\t\t\t<h5><strong>Decover.com<\/strong><\/h5>\t\t\t\t\t\t\t\t<\/div>\n\t\t\t\t<\/div>\n\t\t\t\t<\/div>\n\t\t<div class=\"elementor-element elementor-element-1c3693f e-con-full e-flex e-con e-child\" data-id=\"1c3693f\" data-element_type=\"container\">\n\t\t\t\t<\/div>\n\t\t<div class=\"elementor-element elementor-element-7a696bf e-con-full e-flex e-con e-child\" data-id=\"7a696bf\" data-element_type=\"container\">\n\t\t\t\t<\/div>\n\t\t<div class=\"elementor-element elementor-element-5b7e2d0 e-con-full e-flex e-con e-child\" data-id=\"5b7e2d0\" data-element_type=\"container\">\n\t\t\t\t<div class=\"elementor-element elementor-element-c92a419 elementor-widget elementor-widget-image\" data-id=\"c92a419\" data-element_type=\"widget\" data-widget_type=\"image.default\">\n\t\t\t\t<div class=\"elementor-widget-container\">\n\t\t\t\t\t\t\t\t\t\t\t\t<figure class=\"wp-caption\">\n\t\t\t\t\t\t\t\t\t\t\t<a href=\"https:\/\/decover.com\/quintessence-2\/\" target=\"_blank\">\n\t\t\t\t\t\t\t<img loading=\"lazy\" decoding=\"async\" width=\"165\" height=\"300\" src=\"https:\/\/www.weinsalonnaturel.com\/wp-content\/uploads\/2026\/03\/Bildschirmfoto-2026-03-06-um-14.45.24-165x300.png\" class=\"attachment-medium size-medium wp-image-10643\" alt=\"\" srcset=\"https:\/\/www.weinsalonnaturel.com\/wp-content\/uploads\/2026\/03\/Bildschirmfoto-2026-03-06-um-14.45.24-165x300.png 165w, https:\/\/www.weinsalonnaturel.com\/wp-content\/uploads\/2026\/03\/Bildschirmfoto-2026-03-06-um-14.45.24-565x1024.png 565w, https:\/\/www.weinsalonnaturel.com\/wp-content\/uploads\/2026\/03\/Bildschirmfoto-2026-03-06-um-14.45.24-7x12.png 7w, https:\/\/www.weinsalonnaturel.com\/wp-content\/uploads\/2026\/03\/Bildschirmfoto-2026-03-06-um-14.45.24.png 664w\" sizes=\"(max-width: 165px) 100vw, 165px\" \/>\t\t\t\t\t\t\t\t<\/a>\n\t\t\t\t\t\t\t\t\t\t\t<figcaption class=\"widget-image-caption wp-caption-text\">Quintessence 26cl<\/figcaption>\n\t\t\t\t\t\t\t\t\t\t<\/figure>\n\t\t\t\t\t\t\t\t\t<\/div>\n\t\t\t\t<\/div>\n\t\t\t\t<\/div>\n\t\t<div class=\"elementor-element elementor-element-da66852 e-con-full e-flex e-con e-child\" data-id=\"da66852\" data-element_type=\"container\">\n\t\t\t\t<\/div>\n\t\t<div class=\"elementor-element elementor-element-e9d909d e-con-full e-flex e-con e-child\" data-id=\"e9d909d\" data-element_type=\"container\">\n\t\t\t\t<\/div>\n\t\t\t\t\t<\/div>\n\t\t\t\t<\/div>\n\t\t\t\t<\/div>","protected":false},"excerpt":{"rendered":"<p>Gl\u00e4ser f\u00fcr Weinmessen Das ist unbezahlte Werbung f\u00fcr tolle Firmen mit guter Zusammenarbeit \u00fcber Jahre.Alle k\u00f6nnen mit eurem Logo bedruckt [&hellip;]<\/p>","protected":false},"author":1,"featured_media":0,"parent":0,"menu_order":0,"comment_status":"closed","ping_status":"closed","template":"","meta":{"site-sidebar-layout":"no-sidebar","site-content-layout":"","ast-site-content-layout":"full-width-container","site-content-style":"default","site-sidebar-style":"default","ast-global-header-display":"","ast-banner-title-visibility":"","ast-main-header-display":"","ast-hfb-above-header-display":"","ast-hfb-below-header-display":"","ast-hfb-mobile-header-display":"","site-post-title":"disabled","ast-breadcrumbs-content":"","ast-featured-img":"disabled","footer-sml-layout":"","theme-transparent-header-meta":"","adv-header-id-meta":"","stick-header-meta":"","header-above-stick-meta":"","header-main-stick-meta":"","header-below-stick-meta":"","astra-migrate-meta-layouts":"default","ast-page-background-enabled":"default","ast-page-background-meta":{"desktop":{"background-color":"var(--ast-global-color-4)","background-image":"","background-repeat":"repeat","background-position":"center center","background-size":"auto","background-attachment":"scroll","background-type":"","background-media":"","overlay-type":"","overlay-color":"","overlay-opacity":"","overlay-gradient":""},"tablet":{"background-color":"","background-image":"","background-repeat":"repeat","background-position":"center center","background-size":"auto","background-attachment":"scroll","background-type":"","background-media":"","overlay-type":"","overlay-color":"","overlay-opacity":"","overlay-gradient":""},"mobile":{"background-color":"","background-image":"","background-repeat":"repeat","background-position":"center center","background-size":"auto","background-attachment":"scroll","background-type":"","background-media":"","overlay-type":"","overlay-color":"","overlay-opacity":"","overlay-gradient":""}},"ast-content-background-meta":{"desktop":{"background-color":"var(--ast-global-color-5)","background-image":"","background-repeat":"repeat","background-position":"center center","background-size":"auto","background-attachment":"scroll","background-type":"","background-media":"","overlay-type":"","overlay-color":"","overlay-opacity":"","overlay-gradient":""},"tablet":{"background-color":"var(--ast-global-color-5)","background-image":"","background-repeat":"repeat","background-position":"center center","background-size":"auto","background-attachment":"scroll","background-type":"","background-media":"","overlay-type":"","overlay-color":"","overlay-opacity":"","overlay-gradient":""},"mobile":{"background-color":"var(--ast-global-color-5)","background-image":"","background-repeat":"repeat","background-position":"center center","background-size":"auto","background-attachment":"scroll","background-type":"","background-media":"","overlay-type":"","overlay-color":"","overlay-opacity":"","overlay-gradient":""}},"footnotes":""},"class_list":["post-10628","page","type-page","status-publish","hentry"],"_links":{"self":[{"href":"https:\/\/www.weinsalonnaturel.com\/en\/wp-json\/wp\/v2\/pages\/10628","targetHints":{"allow":["GET"]}}],"collection":[{"href":"https:\/\/www.weinsalonnaturel.com\/en\/wp-json\/wp\/v2\/pages"}],"about":[{"href":"https:\/\/www.weinsalonnaturel.com\/en\/wp-json\/wp\/v2\/types\/page"}],"author":[{"embeddable":true,"href":"https:\/\/www.weinsalonnaturel.com\/en\/wp-json\/wp\/v2\/users\/1"}],"replies":[{"embeddable":true,"href":"https:\/\/www.weinsalonnaturel.com\/en\/wp-json\/wp\/v2\/comments?post=10628"}],"version-history":[{"count":35,"href":"https:\/\/www.weinsalonnaturel.com\/en\/wp-json\/wp\/v2\/pages\/10628\/revisions"}],"predecessor-version":[{"id":10683,"href":"https:\/\/www.weinsalonnaturel.com\/en\/wp-json\/wp\/v2\/pages\/10628\/revisions\/10683"}],"wp:attachment":[{"href":"https:\/\/www.weinsalonnaturel.com\/en\/wp-json\/wp\/v2\/media?parent=10628"}],"curies":[{"name":"wp","href":"https:\/\/api.w.org\/{rel}","templated":true}]}}