{"id":10473,"date":"2026-02-14T17:47:31","date_gmt":"2026-02-14T16:47:31","guid":{"rendered":"https:\/\/www.weinsalonnaturel.com\/?page_id=10473"},"modified":"2026-02-16T14:24:55","modified_gmt":"2026-02-16T13:24:55","slug":"domaine-de-sauveterre","status":"publish","type":"page","link":"https:\/\/www.weinsalonnaturel.com\/en\/domaine-de-sauveterre\/","title":{"rendered":"Domaine de Sauveterre"},"content":{"rendered":"<div data-elementor-type=\"wp-page\" data-elementor-id=\"10473\" class=\"elementor elementor-10473\">\n\t\t\t\t<div class=\"elementor-element elementor-element-acc7ed2 e-flex e-con-boxed e-con e-parent\" data-id=\"acc7ed2\" data-element_type=\"container\">\n\t\t\t\t\t<div class=\"e-con-inner\">\n\t\t\t\t<div class=\"elementor-element elementor-element-e3d4929 elementor-widget elementor-widget-heading\" data-id=\"e3d4929\" data-element_type=\"widget\" data-widget_type=\"heading.default\">\n\t\t\t\t<div class=\"elementor-widget-container\">\n\t\t\t\t\t<h2 class=\"elementor-heading-title elementor-size-default\">Domaine de Sauveterre - J\u00e9r\u00f4me Guichard\n<\/h2>\t\t\t\t<\/div>\n\t\t\t\t<\/div>\n\t\t\t\t\t<\/div>\n\t\t\t\t<\/div>\n\t\t<div class=\"elementor-element elementor-element-6276069 e-flex e-con-boxed e-con e-parent\" data-id=\"6276069\" data-element_type=\"container\">\n\t\t\t\t\t<div class=\"e-con-inner\">\n\t\t\t\t<div class=\"elementor-element elementor-element-d52d86b elementor-widget elementor-widget-text-editor\" data-id=\"d52d86b\" data-element_type=\"widget\" data-widget_type=\"text-editor.default\">\n\t\t\t\t<div class=\"elementor-widget-container\">\n\t\t\t\t\t\t\t\t\t<p><strong>To demonstrate that it is possible to make fine, fresh wines with character without artifice and, of course, out of conviction!!!!<\/strong><\/p>\t\t\t\t\t\t\t\t<\/div>\n\t\t\t\t<\/div>\n\t\t\t\t\t<\/div>\n\t\t\t\t<\/div>\n\t\t<div class=\"elementor-element elementor-element-3bdee00 e-flex e-con-boxed e-con e-parent\" data-id=\"3bdee00\" data-element_type=\"container\">\n\t\t\t\t\t<div class=\"e-con-inner\">\n\t\t<div class=\"elementor-element elementor-element-23915bb e-con-full e-flex e-con e-child\" data-id=\"23915bb\" data-element_type=\"container\">\n\t\t\t\t<div class=\"elementor-element elementor-element-aa91947 elementor-widget elementor-widget-image\" data-id=\"aa91947\" data-element_type=\"widget\" data-widget_type=\"image.default\">\n\t\t\t\t<div class=\"elementor-widget-container\">\n\t\t\t\t\t\t\t\t\t\t\t\t<figure class=\"wp-caption\">\n\t\t\t\t\t\t\t\t\t\t\t<a href=\"https:\/\/www.weinsalonnaturel.com\/wp-content\/uploads\/2026\/02\/SauveterreSteckbriefWSN26.jpg\" data-elementor-open-lightbox=\"yes\" data-elementor-lightbox-title=\"SauveterreSteckbriefWSN26\" data-e-action-hash=\"#elementor-action%3Aaction%3Dlightbox%26settings%3DeyJpZCI6MTA1MDksInVybCI6Imh0dHBzOlwvXC93d3cud2VpbnNhbG9ubmF0dXJlbC5jb21cL3dwLWNvbnRlbnRcL3VwbG9hZHNcLzIwMjZcLzAyXC9TYXV2ZXRlcnJlU3RlY2ticmllZldTTjI2LmpwZyJ9\">\n\t\t\t\t\t\t\t<img fetchpriority=\"high\" decoding=\"async\" width=\"727\" height=\"1024\" src=\"https:\/\/www.weinsalonnaturel.com\/wp-content\/uploads\/2026\/02\/SauveterreSteckbriefWSN26-727x1024.jpg\" class=\"attachment-large size-large wp-image-10509\" alt=\"\" srcset=\"https:\/\/www.weinsalonnaturel.com\/wp-content\/uploads\/2026\/02\/SauveterreSteckbriefWSN26-727x1024.jpg 727w, https:\/\/www.weinsalonnaturel.com\/wp-content\/uploads\/2026\/02\/SauveterreSteckbriefWSN26-213x300.jpg 213w, https:\/\/www.weinsalonnaturel.com\/wp-content\/uploads\/2026\/02\/SauveterreSteckbriefWSN26-768x1082.jpg 768w, https:\/\/www.weinsalonnaturel.com\/wp-content\/uploads\/2026\/02\/SauveterreSteckbriefWSN26-1090x1536.jpg 1090w, https:\/\/www.weinsalonnaturel.com\/wp-content\/uploads\/2026\/02\/SauveterreSteckbriefWSN26-9x12.jpg 9w, https:\/\/www.weinsalonnaturel.com\/wp-content\/uploads\/2026\/02\/SauveterreSteckbriefWSN26.jpg 1241w\" sizes=\"(max-width: 727px) 100vw, 727px\" \/>\t\t\t\t\t\t\t\t<\/a>\n\t\t\t\t\t\t\t\t\t\t\t<figcaption class=\"widget-image-caption wp-caption-text\">2026<\/figcaption>\n\t\t\t\t\t\t\t\t\t\t<\/figure>\n\t\t\t\t\t\t\t\t\t<\/div>\n\t\t\t\t<\/div>\n\t\t\t\t<\/div>\n\t\t<div class=\"elementor-element elementor-element-e7a7837 e-con-full e-flex e-con e-child\" data-id=\"e7a7837\" data-element_type=\"container\">\n\t\t\t\t<\/div>\n\t\t<div class=\"elementor-element elementor-element-1de6dbb e-con-full e-flex e-con e-child\" data-id=\"1de6dbb\" data-element_type=\"container\">\n\t\t\t\t<\/div>\n\t\t<div class=\"elementor-element elementor-element-3fb7c75 e-con-full e-flex e-con e-child\" data-id=\"3fb7c75\" data-element_type=\"container\">\n\t\t\t\t<\/div>\n\t\t\t\t\t<\/div>\n\t\t\t\t<\/div>\n\t\t\t\t<\/div>","protected":false},"excerpt":{"rendered":"<p>Domaine de Sauveterre &#8211; J\u00e9r\u00f4me Guichard Pour d\u00e9montrer que l\u2019on peut faire des vins fins frais et de caract\u00e8res sans [&hellip;]<\/p>","protected":false},"author":1,"featured_media":0,"parent":0,"menu_order":0,"comment_status":"closed","ping_status":"closed","template":"","meta":{"site-sidebar-layout":"no-sidebar","site-content-layout":"","ast-site-content-layout":"full-width-container","site-content-style":"default","site-sidebar-style":"default","ast-global-header-display":"","ast-banner-title-visibility":"","ast-main-header-display":"","ast-hfb-above-header-display":"","ast-hfb-below-header-display":"","ast-hfb-mobile-header-display":"","site-post-title":"disabled","ast-breadcrumbs-content":"","ast-featured-img":"disabled","footer-sml-layout":"","theme-transparent-header-meta":"","adv-header-id-meta":"","stick-header-meta":"","header-above-stick-meta":"","header-main-stick-meta":"","header-below-stick-meta":"","astra-migrate-meta-layouts":"default","ast-page-background-enabled":"default","ast-page-background-meta":{"desktop":{"background-color":"var(--ast-global-color-4)","background-image":"","background-repeat":"repeat","background-position":"center center","background-size":"auto","background-attachment":"scroll","background-type":"","background-media":"","overlay-type":"","overlay-color":"","overlay-opacity":"","overlay-gradient":""},"tablet":{"background-color":"","background-image":"","background-repeat":"repeat","background-position":"center center","background-size":"auto","background-attachment":"scroll","background-type":"","background-media":"","overlay-type":"","overlay-color":"","overlay-opacity":"","overlay-gradient":""},"mobile":{"background-color":"","background-image":"","background-repeat":"repeat","background-position":"center center","background-size":"auto","background-attachment":"scroll","background-type":"","background-media":"","overlay-type":"","overlay-color":"","overlay-opacity":"","overlay-gradient":""}},"ast-content-background-meta":{"desktop":{"background-color":"var(--ast-global-color-5)","background-image":"","background-repeat":"repeat","background-position":"center center","background-size":"auto","background-attachment":"scroll","background-type":"","background-media":"","overlay-type":"","overlay-color":"","overlay-opacity":"","overlay-gradient":""},"tablet":{"background-color":"var(--ast-global-color-5)","background-image":"","background-repeat":"repeat","background-position":"center center","background-size":"auto","background-attachment":"scroll","background-type":"","background-media":"","overlay-type":"","overlay-color":"","overlay-opacity":"","overlay-gradient":""},"mobile":{"background-color":"var(--ast-global-color-5)","background-image":"","background-repeat":"repeat","background-position":"center center","background-size":"auto","background-attachment":"scroll","background-type":"","background-media":"","overlay-type":"","overlay-color":"","overlay-opacity":"","overlay-gradient":""}},"footnotes":""},"class_list":["post-10473","page","type-page","status-publish","hentry"],"_links":{"self":[{"href":"https:\/\/www.weinsalonnaturel.com\/en\/wp-json\/wp\/v2\/pages\/10473","targetHints":{"allow":["GET"]}}],"collection":[{"href":"https:\/\/www.weinsalonnaturel.com\/en\/wp-json\/wp\/v2\/pages"}],"about":[{"href":"https:\/\/www.weinsalonnaturel.com\/en\/wp-json\/wp\/v2\/types\/page"}],"author":[{"embeddable":true,"href":"https:\/\/www.weinsalonnaturel.com\/en\/wp-json\/wp\/v2\/users\/1"}],"replies":[{"embeddable":true,"href":"https:\/\/www.weinsalonnaturel.com\/en\/wp-json\/wp\/v2\/comments?post=10473"}],"version-history":[{"count":11,"href":"https:\/\/www.weinsalonnaturel.com\/en\/wp-json\/wp\/v2\/pages\/10473\/revisions"}],"predecessor-version":[{"id":10537,"href":"https:\/\/www.weinsalonnaturel.com\/en\/wp-json\/wp\/v2\/pages\/10473\/revisions\/10537"}],"wp:attachment":[{"href":"https:\/\/www.weinsalonnaturel.com\/en\/wp-json\/wp\/v2\/media?parent=10473"}],"curies":[{"name":"wp","href":"https:\/\/api.w.org\/{rel}","templated":true}]}}